{"id":271,"date":"2022-10-21T14:00:37","date_gmt":"2022-10-21T14:00:37","guid":{"rendered":"https:\/\/resetcontrol.com\/?page_id=271"},"modified":"2024-05-30T07:44:34","modified_gmt":"2024-05-30T07:44:34","slug":"reset-gestion-tactil-de-preparacion","status":"publish","type":"page","link":"https:\/\/resetcontrol.com\/cat\/programari\/reset-merca\/reset-gestio-tactil-de-preparacio\/","title":{"rendered":"Reset Gesti\u00f3 T\u00e0ctil de Preparaci\u00f3"},"content":{"rendered":"[et_pb_section fb_built=\u00bb1\u2033 _builder_version=\u00bb4.17.1\u2033 _module_preset=\u00bbdefault\u00bb use_background_color_gradient=\u00bbon\u00bb background_color_gradient_stops=\u00bbrgba(255,255,255,0.4) 0%|rgba(255,255,255,0) 20%\u00bb background_color_gradient_overlays_image=\u00bbon\u00bb background_image= \u00bbhttps:\/\/resetcontrol.com\/wp-content\/uploads\/2023\/02\/AdobeStock_476603072.png\u00bb background_position=\u00bbtop_right\u00bb background_horizontal_offset=\u00bb0%\u00bb background_vertical_offset=\u00bb0%\u00bb height=\u00bb103v0| ||false|false\u00bb locked=&quot;off&quot; global_colors_info=&quot;{}&quot;][et_pb_row make_equal=&quot;on&quot; _builder_version=&quot;4.17.1&quot; _module_preset=&quot;default&quot; max_width=&quot;1500px&quot; height=&quot;1001TP display: flex;||flex-direction: column;||justify-content: center;\u00bb global_colors_info=\u00bb{}\u00bb][et_pb_column type=\u00bb4_4\u2033 _builder_version=\u00bb4.17.1\u2033 _module_preset=\u00bbdefault\u00bb global_colors_info=\u00bb{}\u00bb][et_pb_text content_tablet=\u00bb<h1>Reset Gesti\u00f3 T\u00e0ctil<br \/>de preparaci\u00f3<\/h1>\u00bb content_phone=\u00bb<h1><span style=\"%22color:\" red; font-weight: 600;%22>reset<\/span> <span style=\"%22color:\" white; font-weight: 400;%22> gesti\u00f3 t\u00e0ctil de preparaci\u00f3<\/span><\/h1>\u00bb content_last_edited=&quot;on|phone&quot; _builder_version=&quot;4.17.1&quot; _module_preset=&quot;default&quot; header_font=&quot;Poppins|||||||||&quot; header_text_color=&quot;#FFFFFF&quot; header_font_size=&quot;50px&quot; header_font_size_tablet=&quot;50px&quot; header_font_size_phone=&quot;10vw&quot; header_font_size_last_edited=&quot;on|phone&quot; global_colors_info=\u00bb{}<h1><span style=\"color: red; font-weight: 600;\">reset<\/span> \n<span style=\"color: white; font-weight: 400;\"> gesti\u00f3 t\u00e0ctil de preparaci\u00f3<\/span><\/h1>[\/et_pb_text][\/et_pb_column][\/et_pb_row][\/et_pb_section][et_pb_section fb_built=&quot;1&quot; _builder_version=&quot;4.17.1&quot; _module_preset=&quot;default&quot; custom_margin=&quot;||0px| 20px||||false|false\u00bb global_colors_info=\u00bb{}\u00bb][et_pb_row column_structure=\u00bb2_5,3_5\u2033 _builder_version=\u00bb4.17.1\u2033 _module_preset=\u00bbdefault\u00bb global_colors_info=\u00bb{}\u00bb][et_pb_column \u2033 _builder_version=\u00bb4.17.1\u2033 _module_preset=\u00bbdefault\u00bb global_colors_info=\u00bb{}\u00bb][et_pb_image src=\u00bbhttps:\/\/resetcontrol.com\/wp-content\/uploads\/2022\/10\/Recurs-8-160\u00d7150 -1.png\u00bb alt=\u00bbLog de Reset Gesti\u00f3 T\u00e0ctil de Preparaci\u00f3\u00bb title_text=\u00bbLog de Reset Gesti\u00f3 T\u00e0ctil de Preparaci\u00f3\u00bb align=\u00bbcenter\u00bb _builder_version=\u00bb4.17.1\u2033 _module_preset=\u00bbdefault\u00bb global_colors_info=\u00bb{}\u00bb ][\/et_pb_image][\/et_pb_column][et_pb_column type=&quot;3_5&quot; _builder_version=&quot;4.17.1&quot; _module_preset=&quot;default&quot; global_colors_info=&quot;{}&quot;][et_pb_text _builder_version=&quot;4.17. =\u00bbPoppins|||on|||||\u00bb text_text_color=\u00bb#01c0a4\u2033 text_line_height=\u00bb1em\u00bb custom_margin=\u00bb||0px||false|false\u00bb hover_enabled=\u00bb0\u2033 global_colors_info=\u00bb{}\u00bb sticky_enabled=\u00bb0\u2033]<p>Extensi\u00f3<\/p>[\/et_pb_text][et_pb_text _builder_version=\u00bb4.17.1\u2033 _module_preset=\u00bbdefault\u00bb text_font=\u00bbPoppins|600|||||||\u00bb text_text_color=&quot;#6d6d6d&quot; text_font_size=&quot;50px&quot; text_line_height=&quot;1.1em&quot; custom_margin=&quot;||5px||false|false&quot; locked=&quot;off&quot; global_colors_info=\u00bb{}\u00bb]<span style=\"color: #ec1c24;\">reset<\/span> gesti\u00f3n t\u00e1ctil de preparaci\u00f3n[\/et_pb_text][\/et_pb_column][\/et_pb_row][\/et_pb_section][et_pb_section fb_built=\u00bb1&#8243; _builder_version=\u00bb4.17.1&#8243; _module_preset=\u00bbdefault\u00bb background_color=\u00bbgcid-695d2a27-eb45-426d-9f34-5391514efc0a\u00bb locked=\u00bboff\u00bb global_colors_info=\u00bb{%22gcid-695d2a27-eb45-426d-9f34-5391514efc0a%22:%91%22background_color%22%93}\u00bb][et_pb_row column_structure=\u00bb1_2,1_2&#8243; use_custom_gutter=\u00bbon\u00bb gutter_width=\u00bb1&#8243; make_equal=\u00bbon\u00bb _builder_version=\u00bb4.17.1&#8243; _module_preset=\u00bbdefault\u00bb global_colors_info=\u00bb{}\u00bb][et_pb_column type=\u00bb1_2&#8243; _builder_version=\u00bb4.17.1&#8243; _module_preset=\u00bbdefault\u00bb custom_css_main_element=\u00bbmargin:auto\u00bb global_colors_info=\u00bb{}\u00bb][et_pb_text _builder_version=\u00bb4.17.1&#8243; _module_preset=\u00bbdefault\u00bb text_font=\u00bbPoppins||||||||\u00bb text_text_color=\u00bb#FFFFFF\u00bb text_font_size=\u00bb25px\u00bb text_orientation=\u00bbcenter\u00bb custom_padding=\u00bb||||false|false\u00bb custom_padding_tablet=\u00bb||||false|false\u00bb custom_padding_phone=\u00bb||30px||false|false\u00bb custom_padding_last_edited=\u00bbon|phone\u00bb global_colors_info=\u00bb{}\u00bb]<p>Posa't en contacte amb nosaltres!<\/p>[\/et_pb_text][\/et_pb_column][et_pb_column type=\u00bb1_2\u2033 _builder_version=\u00bb4.17.1\u2033 _module_preset=\u00bbdefault\u00bb global_colors_info=\u00bb{}\u00bb][et_pb_button button_url=\u00bbhttps:\/\/resetcontrol. button_text=&quot;Contacte&quot; button_alignment=&quot;center&quot; _builder_version=&quot;4.17.1&quot; _module_preset=&quot;default&quot; custom_button=&quot;on&quot; button_text_color=&quot;#000000&quot; button_bg_color=&quot;1TP5 font=\u00bbPoppins|||| ||||\u00bb global_colors_info=\u00bb{}\u00bb][\/et_pb_button][\/et_pb_column][\/et_pb_row][\/et_pb_section]","protected":false},"excerpt":{"rendered":"<p>reset gesti\u00f3 t\u00e0ctil de preparaci\u00f3Extensi\u00f3reset gesti\u00f3 t\u00e0ctil de preparaci\u00f3Posa&#039;t en contacte amb nosaltres!<\/p>","protected":false},"author":1,"featured_media":0,"parent":216,"menu_order":0,"comment_status":"closed","ping_status":"open","template":"","meta":{"_et_pb_use_builder":"on","_et_pb_old_content":"","_et_gb_content_width":"","footnotes":""},"class_list":["post-271","page","type-page","status-publish","hentry"],"yoast_head":"<!-- This site is optimized with the Yoast SEO plugin v23.9 - https:\/\/yoast.com\/wordpress\/plugins\/seo\/ -->\n<title>Reset Gesti\u00f3n T\u00e1ctil de Preparaci\u00f3n - Reset Control<\/title>\n<meta name=\"description\" content=\"Descubre c\u00f3mo la extensi\u00f3n de gesti\u00f3n t\u00e1ctil de nuestro ERP mejora la preparaci\u00f3n en de las comandas en tu empresa de frutas y verduras.\" \/>\n<meta name=\"robots\" content=\"noindex, follow\" \/>\n<meta property=\"og:locale\" content=\"ca_ES\" \/>\n<meta property=\"og:type\" content=\"article\" \/>\n<meta property=\"og:title\" content=\"Reset Gesti\u00f3n T\u00e1ctil de Preparaci\u00f3n - Reset Control\" \/>\n<meta property=\"og:description\" content=\"Descubre c\u00f3mo la extensi\u00f3n de gesti\u00f3n t\u00e1ctil de nuestro ERP mejora la preparaci\u00f3n en de las comandas en tu empresa de frutas y verduras.\" \/>\n<meta property=\"og:url\" content=\"https:\/\/resetcontrol.com\/cat\/programari\/reset-merca\/reset-gestio-tactil-de-preparacio\/\" \/>\n<meta property=\"og:site_name\" content=\"Reset Control\" \/>\n<meta property=\"article:publisher\" content=\"https:\/\/www.facebook.com\/profile.php?id=61552808401220\" \/>\n<meta property=\"article:modified_time\" content=\"2024-05-30T07:44:34+00:00\" \/>\n<meta name=\"twitter:card\" content=\"summary_large_image\" \/>\n<meta name=\"twitter:site\" content=\"@ResetControl\" \/>\n<meta name=\"twitter:label1\" content=\"Temps estimat de lectura\" \/>\n\t<meta name=\"twitter:data1\" content=\"1 minut\" \/>\n<script type=\"application\/ld+json\" class=\"yoast-schema-graph\">{\"@context\":\"https:\/\/schema.org\",\"@graph\":[{\"@type\":\"WebPage\",\"@id\":\"https:\/\/resetcontrol.com\/software\/reset-merca\/reset-gestion-tactil-de-preparacion\/\",\"url\":\"https:\/\/resetcontrol.com\/software\/reset-merca\/reset-gestion-tactil-de-preparacion\/\",\"name\":\"Reset Gesti\u00f3n T\u00e1ctil de Preparaci\u00f3n - Reset Control\",\"isPartOf\":{\"@id\":\"https:\/\/resetcontrol.com\/#website\"},\"datePublished\":\"2022-10-21T14:00:37+00:00\",\"dateModified\":\"2024-05-30T07:44:34+00:00\",\"description\":\"Descubre c\u00f3mo la extensi\u00f3n de gesti\u00f3n t\u00e1ctil de nuestro ERP mejora la preparaci\u00f3n en de las comandas en tu empresa de frutas y verduras.\",\"breadcrumb\":{\"@id\":\"https:\/\/resetcontrol.com\/software\/reset-merca\/reset-gestion-tactil-de-preparacion\/#breadcrumb\"},\"inLanguage\":\"ca\",\"potentialAction\":[{\"@type\":\"ReadAction\",\"target\":[\"https:\/\/resetcontrol.com\/software\/reset-merca\/reset-gestion-tactil-de-preparacion\/\"]}]},{\"@type\":\"BreadcrumbList\",\"@id\":\"https:\/\/resetcontrol.com\/software\/reset-merca\/reset-gestion-tactil-de-preparacion\/#breadcrumb\",\"itemListElement\":[{\"@type\":\"ListItem\",\"position\":1,\"name\":\"Inici\",\"item\":\"https:\/\/resetcontrol.com\/\"},{\"@type\":\"ListItem\",\"position\":2,\"name\":\"Software\",\"item\":\"https:\/\/resetcontrol.com\/software\/\"},{\"@type\":\"ListItem\",\"position\":3,\"name\":\"Reset Merca\",\"item\":\"https:\/\/resetcontrol.com\/software\/reset-merca\/\"},{\"@type\":\"ListItem\",\"position\":4,\"name\":\"Reset Gesti\u00f3n T\u00e1ctil de Preparaci\u00f3n\"}]},{\"@type\":\"WebSite\",\"@id\":\"https:\/\/resetcontrol.com\/#website\",\"url\":\"https:\/\/resetcontrol.com\/\",\"name\":\"Reset Control\",\"description\":\"35 a\u00f1os trabajando en programas inform\u00e1ticos de gesti\u00f3n\",\"publisher\":{\"@id\":\"https:\/\/resetcontrol.com\/#organization\"},\"inLanguage\":\"ca\"},{\"@type\":\"Organization\",\"@id\":\"https:\/\/resetcontrol.com\/#organization\",\"name\":\"Reset Control\",\"url\":\"https:\/\/resetcontrol.com\/\",\"logo\":{\"@type\":\"ImageObject\",\"inLanguage\":\"ca\",\"@id\":\"https:\/\/resetcontrol.com\/#\/schema\/logo\/image\/\",\"url\":\"https:\/\/resetcontrol.com\/wp-content\/uploads\/2024\/05\/LOGO-NUEVO2.png\",\"contentUrl\":\"https:\/\/resetcontrol.com\/wp-content\/uploads\/2024\/05\/LOGO-NUEVO2.png\",\"width\":1838,\"height\":1838,\"caption\":\"Reset Control\"},\"image\":{\"@id\":\"https:\/\/resetcontrol.com\/#\/schema\/logo\/image\/\"},\"sameAs\":[\"https:\/\/www.facebook.com\/profile.php?id=61552808401220\",\"https:\/\/x.com\/ResetControl\",\"https:\/\/www.instagram.com\/resetcontrol_sa\",\"https:\/\/es.linkedin.com\/in\/reset-control-s-a-control-9a5bbba8\"]}]}<\/script>\n<!-- \/ Yoast SEO plugin. -->","yoast_head_json":{"title":"Reset Gesti\u00f3n T\u00e1ctil de Preparaci\u00f3n - Reset Control","description":"Descubre c\u00f3mo la extensi\u00f3n de gesti\u00f3n t\u00e1ctil de nuestro ERP mejora la preparaci\u00f3n en de las comandas en tu empresa de frutas y verduras.","robots":{"index":"noindex","follow":"follow"},"og_locale":"ca_ES","og_type":"article","og_title":"Reset Gesti\u00f3n T\u00e1ctil de Preparaci\u00f3n - Reset Control","og_description":"Descubre c\u00f3mo la extensi\u00f3n de gesti\u00f3n t\u00e1ctil de nuestro ERP mejora la preparaci\u00f3n en de las comandas en tu empresa de frutas y verduras.","og_url":"https:\/\/resetcontrol.com\/cat\/programari\/reset-merca\/reset-gestio-tactil-de-preparacio\/","og_site_name":"Reset Control","article_publisher":"https:\/\/www.facebook.com\/profile.php?id=61552808401220","article_modified_time":"2024-05-30T07:44:34+00:00","twitter_card":"summary_large_image","twitter_site":"@ResetControl","twitter_misc":{"Temps estimat de lectura":"1 minut"},"schema":{"@context":"https:\/\/schema.org","@graph":[{"@type":"WebPage","@id":"https:\/\/resetcontrol.com\/software\/reset-merca\/reset-gestion-tactil-de-preparacion\/","url":"https:\/\/resetcontrol.com\/software\/reset-merca\/reset-gestion-tactil-de-preparacion\/","name":"Reset Gesti\u00f3n T\u00e1ctil de Preparaci\u00f3n - Reset Control","isPartOf":{"@id":"https:\/\/resetcontrol.com\/#website"},"datePublished":"2022-10-21T14:00:37+00:00","dateModified":"2024-05-30T07:44:34+00:00","description":"Descubre c\u00f3mo la extensi\u00f3n de gesti\u00f3n t\u00e1ctil de nuestro ERP mejora la preparaci\u00f3n en de las comandas en tu empresa de frutas y verduras.","breadcrumb":{"@id":"https:\/\/resetcontrol.com\/software\/reset-merca\/reset-gestion-tactil-de-preparacion\/#breadcrumb"},"inLanguage":"ca","potentialAction":[{"@type":"ReadAction","target":["https:\/\/resetcontrol.com\/software\/reset-merca\/reset-gestion-tactil-de-preparacion\/"]}]},{"@type":"BreadcrumbList","@id":"https:\/\/resetcontrol.com\/software\/reset-merca\/reset-gestion-tactil-de-preparacion\/#breadcrumb","itemListElement":[{"@type":"ListItem","position":1,"name":"Inici","item":"https:\/\/resetcontrol.com\/"},{"@type":"ListItem","position":2,"name":"Software","item":"https:\/\/resetcontrol.com\/software\/"},{"@type":"ListItem","position":3,"name":"Reset Merca","item":"https:\/\/resetcontrol.com\/software\/reset-merca\/"},{"@type":"ListItem","position":4,"name":"Reset Gesti\u00f3n T\u00e1ctil de Preparaci\u00f3n"}]},{"@type":"WebSite","@id":"https:\/\/resetcontrol.com\/#website","url":"https:\/\/resetcontrol.com\/","name":"Reset Control","description":"35 a\u00f1os trabajando en programas inform\u00e1ticos de gesti\u00f3n","publisher":{"@id":"https:\/\/resetcontrol.com\/#organization"},"inLanguage":"ca"},{"@type":"Organization","@id":"https:\/\/resetcontrol.com\/#organization","name":"Reset Control","url":"https:\/\/resetcontrol.com\/","logo":{"@type":"ImageObject","inLanguage":"ca","@id":"https:\/\/resetcontrol.com\/#\/schema\/logo\/image\/","url":"https:\/\/resetcontrol.com\/wp-content\/uploads\/2024\/05\/LOGO-NUEVO2.png","contentUrl":"https:\/\/resetcontrol.com\/wp-content\/uploads\/2024\/05\/LOGO-NUEVO2.png","width":1838,"height":1838,"caption":"Reset Control"},"image":{"@id":"https:\/\/resetcontrol.com\/#\/schema\/logo\/image\/"},"sameAs":["https:\/\/www.facebook.com\/profile.php?id=61552808401220","https:\/\/x.com\/ResetControl","https:\/\/www.instagram.com\/resetcontrol_sa","https:\/\/es.linkedin.com\/in\/reset-control-s-a-control-9a5bbba8"]}]}},"_links":{"self":[{"href":"https:\/\/resetcontrol.com\/cat\/wp-json\/wp\/v2\/pages\/271","targetHints":{"allow":["GET"]}}],"collection":[{"href":"https:\/\/resetcontrol.com\/cat\/wp-json\/wp\/v2\/pages"}],"about":[{"href":"https:\/\/resetcontrol.com\/cat\/wp-json\/wp\/v2\/types\/page"}],"author":[{"embeddable":true,"href":"https:\/\/resetcontrol.com\/cat\/wp-json\/wp\/v2\/users\/1"}],"replies":[{"embeddable":true,"href":"https:\/\/resetcontrol.com\/cat\/wp-json\/wp\/v2\/comments?post=271"}],"version-history":[{"count":43,"href":"https:\/\/resetcontrol.com\/cat\/wp-json\/wp\/v2\/pages\/271\/revisions"}],"predecessor-version":[{"id":1439,"href":"https:\/\/resetcontrol.com\/cat\/wp-json\/wp\/v2\/pages\/271\/revisions\/1439"}],"up":[{"embeddable":true,"href":"https:\/\/resetcontrol.com\/cat\/wp-json\/wp\/v2\/pages\/216"}],"wp:attachment":[{"href":"https:\/\/resetcontrol.com\/cat\/wp-json\/wp\/v2\/media?parent=271"}],"curies":[{"name":"wp","href":"https:\/\/api.w.org\/{rel}","templated":true}]}}