{"id":233,"date":"2022-10-21T10:35:50","date_gmt":"2022-10-21T10:35:50","guid":{"rendered":"https:\/\/resetcontrol.com\/?page_id=233"},"modified":"2023-07-14T09:03:49","modified_gmt":"2023-07-14T09:03:49","slug":"reset-contabilidad","status":"publish","type":"page","link":"https:\/\/resetcontrol.com\/cat\/programari\/reset-comptabilitat\/","title":{"rendered":"Reset Comptabilitat"},"content":{"rendered":"<p>[et_pb_section fb_built=\u00bb1&#8243; _builder_version=\u00bb4.21.0&#8243; _module_preset=\u00bbdefault\u00bb use_background_color_gradient=\u00bbon\u00bb background_color_gradient_stops=\u00bbrgba(255,255,255,0.3) 0%|rgba(255,255,255,0) 20%\u00bb background_color_gradient_overlays_image=\u00bbon\u00bb background_image=\u00bbhttps:\/\/resetcontrol.com\/wp-content\/uploads\/2023\/02\/AdobeStock_298066387-scaled.webp\u00bb background_position=\u00bbtop_center\u00bb background_vertical_offset=\u00bb20%\u00bb height=\u00bb103vh\u00bb custom_margin=\u00bb-100px||||false|false\u00bb hover_enabled=\u00bb0&#8243; locked=\u00bboff\u00bb global_colors_info=\u00bb{}\u00bb alt=\u00bbClienta de Reset Control utilizando su software\u00bb title_text=\u00bbClienta de Reset Control utilizando su software\u00bb sticky_enabled=\u00bb0&#8243;][et_pb_row make_equal=\u00bbon\u00bb _builder_version=\u00bb4.17.1&#8243; _module_preset=\u00bbdefault\u00bb max_width=\u00bb1500px\u00bb height=\u00bb100%\u00bb custom_css_main_element=\u00bbdisplay: flex;||flex-direction: column;||justify-content: center;\u00bb global_colors_info=\u00bb{}\u00bb][et_pb_column type=\u00bb4_4&#8243; _builder_version=\u00bb4.17.1&#8243; _module_preset=\u00bbdefault\u00bb global_colors_info=\u00bb{}\u00bb][et_pb_text _builder_version=\u00bb4.21.0&#8243; _module_preset=\u00bbdefault\u00bb text_font=\u00bbPoppins||||||||\u00bb text_text_color=\u00bbgcid-695d2a27-eb45-426d-9f34-5391514efc0a\u00bb text_font_size=\u00bb30px\u00bb text_line_height=\u00bb1em\u00bb header_font=\u00bbPoppins||||||||\u00bb header_text_color=\u00bb#FFFFFF\u00bb header_font_size=\u00bb50px\u00bb hover_enabled=\u00bb0&#8243; global_colors_info=\u00bb{%22gcid-695d2a27-eb45-426d-9f34-5391514efc0a%22:%91%22text_text_color%22,%22text_text_color%22%93}\u00bb sticky_enabled=\u00bb0&#8243;]<\/p>\n<h1 style=\"text-shadow: 0px 0px 10px rgba(0,0,0,0.5);\"><span style=\"color: red; font-weight: 600;\">reset <\/span> <span style=\"color: white; font-weight: 400; font-size: 45px;\">comptabilitat<\/span><\/h1>\n<p style=\"text-shadow: 0px 0px 10px rgba(255,255,255,0.2);\">Gestiona la Comptabilitat, Fiscalitat i Tresoreria.<\/p>\n<p>[\/et_pb_text][\/et_pb_column][\/et_pb_row][\/et_pb_section][et_pb_section fb_built=&quot;1&quot; _builder_version=&quot;4.17.1&quot; _module_preset=&quot;default&quot; custom_margin=&quot;||0px| ||0px||false|false\u00bb global_colors_info=\u00bb{}\u00bb][et_pb_row column_structure=\u00bb2_5,3_5\u2033 _builder_version=\u00bb4.17.1\u2033 _module_preset=\u00bbdefault\u00bb global_colors_info=\u00bb{}\u00bb][et_pb_column type= \u2033 _builder_version=\u00bb4.17.1\u2033 _module_preset=\u00bbdefault\u00bb global_colors_info=\u00bb{}\u00bb][et_pb_image src=\u00bbhttps:\/\/resetcontrol.com\/wp-content\/uploads\/2023\/04\/907kpeWN_4x.png\u00bb alt=\u00bb Icona de Reset Comptabilitat&quot; title_text=&quot;907kpeWN_4x&quot; align=&quot;center&quot; _builder_version=&quot;4.17.1&quot; _module_preset=&quot;default&quot; height=&quot;200px&quot; global_colors_info=&quot;{}&quot;][\/et_pb_image][\/et =\u00bb3_5\u2033 _builder_version=\u00bb4.17.1\u2033 _module_preset=\u00bbdefault\u00bb global_colors_info=\u00bb{}\u00bb][et_pb_text _builder_version=\u00bb4.17.1\u2033 _module_preset=\u00bbdefault\u00bb text_font=\u00bbPoppins||||| \u00bb text_text_color=&quot;#258400&quot; text_line_height=&quot;1em&quot; custom_margin=&quot;||0px||false|false&quot; global_colors_info=\u00bb{}\u00bb]<\/p>\n<p>Reset Comptabilitat gestiona la Comptabilitat, Fiscalitat i Tresoreria.<\/p>\n<p>[\/et_pb_text][et_pb_text _builder_version=\u00bb4.17.1\u2033 _module_preset=\u00bbdefault\u00bb text_font=\u00bbPoppins|600|||||||\u00bb text_text_color=&quot;#6d6d6d&quot; text_font_size=&quot;50px&quot; text_line_height=&quot;1.1em&quot; custom_margin=&quot;||5px||false|false&quot; locked=&quot;off&quot; global_colors_info=\u00bb{}\u00bb]<\/p>\n<p><span style=\"color: #ec1c24;\">reset<\/span> comptabilitat<\/p>\n<p>[\/et_pb_text][et_pb_text _builder_version=\u00bb4.17.1\u2033 _module_preset=\u00bbdefault\u00bb text_font=\u00bbInter||||||||\u00bb custom_margin=\u00bb30px||||false|false\u00bb global_colors_info=\u00bb{}\u00bb]L&#039;objectiu de Reset Comptabilitat \u00e9s <strong>facilitar les tasques di\u00e0ries del comptable<\/strong>, fent-les m\u00e9s senzilles i rendibles.<\/p>\n<p>Es una <strong>soluci\u00f3 multiempresa i multiexercici<\/strong>. Hace f\u00e1cil la contabilizaci\u00f3n de asientos, adem\u00e1s de los tratamientos espec\u00edficos para facturas, tesorer\u00eda, etc\u2026.[\/et_pb_text][\/et_pb_column][\/et_pb_row][\/et_pb_section][et_pb_section fb_built=\u00bb1&#8243; _builder_version=\u00bb4.17.1&#8243; _module_preset=\u00bbdefault\u00bb background_enable_color=\u00bboff\u00bb custom_padding=\u00bb||||false|false\u00bb global_colors_info=\u00bb{}\u00bb][et_pb_row column_structure=\u00bb1_4,1_4,1_4,1_4&#8243; _builder_version=\u00bb4.17.1&#8243; _module_preset=\u00bbdefault\u00bb max_width=\u00bb1300px\u00bb global_colors_info=\u00bb{}\u00bb][et_pb_column type=\u00bb1_4&#8243; _builder_version=\u00bb4.17.1&#8243; _module_preset=\u00bbdefault\u00bb global_colors_info=\u00bb{}\u00bb][et_pb_blurb title=\u00bbModelos y declaraciones inf. de IVA 303, 340, 349, 347&#8243; use_icon=\u00bbon\u00bb font_icon=\u00bb&#x69;||divi||400&#8243; image_icon_width=\u00bb56px\u00bb _builder_version=\u00bb4.17.1&#8243; _module_preset=\u00bbdefault\u00bb header_level=\u00bbh2&#8243; header_font=\u00bbPoppins||||||||\u00bb header_text_align=\u00bbcenter\u00bb header_text_color=\u00bb#6d6d6d\u00bb header_font_size=\u00bb16px\u00bb global_colors_info=\u00bb{}\u00bb][\/et_pb_blurb][\/et_pb_column][et_pb_column type=\u00bb1_4&#8243; _builder_version=\u00bb4.17.1&#8243; _module_preset=\u00bbdefault\u00bb global_colors_info=\u00bb{}\u00bb][et_pb_blurb title=\u00bbReset Net de contabilidad\u00bb use_icon=\u00bbon\u00bb font_icon=\u00bb&#xf1eb;||fa||900&#8243; image_icon_width=\u00bb56px\u00bb _builder_version=\u00bb4.17.1&#8243; _module_preset=\u00bbdefault\u00bb header_level=\u00bbh2&#8243; header_font=\u00bbPoppins||||||||\u00bb header_text_align=\u00bbcenter\u00bb header_text_color=\u00bb#6d6d6d\u00bb header_font_size=\u00bb16px\u00bb global_colors_info=\u00bb{}\u00bb][\/et_pb_blurb][\/et_pb_column][et_pb_column type=\u00bb1_4&#8243; _builder_version=\u00bb4.17.1&#8243; _module_preset=\u00bbdefault\u00bb global_colors_info=\u00bb{}\u00bb][et_pb_blurb title=\u00bbModelo IRPF\u00bb use_icon=\u00bbon\u00bb font_icon=\u00bb&#xe101;||divi||400&#8243; image_icon_width=\u00bb56px\u00bb _builder_version=\u00bb4.17.1&#8243; _module_preset=\u00bbdefault\u00bb header_level=\u00bbh2&#8243; header_font=\u00bbPoppins||||||||\u00bb header_text_align=\u00bbcenter\u00bb header_text_color=\u00bb#6d6d6d\u00bb header_font_size=\u00bb16px\u00bb global_colors_info=\u00bb{}\u00bb][\/et_pb_blurb][\/et_pb_column][et_pb_column type=\u00bb1_4&#8243; _builder_version=\u00bb4.17.1&#8243; _module_preset=\u00bbdefault\u00bb global_colors_info=\u00bb{}\u00bb][et_pb_blurb title=\u00bbAdaptado a Nueva normativa de IVA SII\u00bb use_icon=\u00bbon\u00bb font_icon=\u00bb&#xf153;||fa||900&#8243; image_icon_width=\u00bb56px\u00bb _builder_version=\u00bb4.17.1&#8243; _module_preset=\u00bbdefault\u00bb header_level=\u00bbh2&#8243; header_font=\u00bbPoppins||||||||\u00bb header_text_align=\u00bbcenter\u00bb header_text_color=\u00bb#6d6d6d\u00bb header_font_size=\u00bb16px\u00bb global_colors_info=\u00bb{}\u00bb][\/et_pb_blurb][\/et_pb_column][\/et_pb_row][et_pb_row column_structure=\u00bb1_4,1_4,1_4,1_4&#8243; _builder_version=\u00bb4.17.1&#8243; _module_preset=\u00bbdefault\u00bb max_width=\u00bb1300px\u00bb global_colors_info=\u00bb{}\u00bb][et_pb_column type=\u00bb1_4&#8243; _builder_version=\u00bb4.17.1&#8243; _module_preset=\u00bbdefault\u00bb global_colors_info=\u00bb{}\u00bb][et_pb_blurb title=\u00bbInformes para env\u00edo de dep\u00f3sito de cuentas BORME\u00bb use_icon=\u00bbon\u00bb font_icon=\u00bb&#xf477;||fa||900&#8243; image_icon_width=\u00bb56px\u00bb _builder_version=\u00bb4.17.1&#8243; _module_preset=\u00bbdefault\u00bb header_level=\u00bbh2&#8243; header_font=\u00bbPoppins||||||||\u00bb header_text_align=\u00bbcenter\u00bb header_text_color=\u00bb#6d6d6d\u00bb header_font_size=\u00bb16px\u00bb global_colors_info=\u00bb{}\u00bb][\/et_pb_blurb][\/et_pb_column][et_pb_column type=\u00bb1_4&#8243; _builder_version=\u00bb4.17.1&#8243; _module_preset=\u00bbdefault\u00bb global_colors_info=\u00bb{}\u00bb][et_pb_blurb title=\u00bbTesorer\u00eda Tramitaci\u00f3n de remesas a trav\u00e9s de la normativa SEPA\u00bb use_icon=\u00bbon\u00bb font_icon=\u00bb&#xf0d1;||fa||900&#8243; image_icon_width=\u00bb56px\u00bb _builder_version=\u00bb4.17.1&#8243; _module_preset=\u00bbdefault\u00bb header_level=\u00bbh2&#8243; header_font=\u00bbPoppins||||||||\u00bb header_text_align=\u00bbcenter\u00bb header_text_color=\u00bb#6d6d6d\u00bb header_font_size=\u00bb16px\u00bb global_colors_info=\u00bb{}\u00bb][\/et_pb_blurb][\/et_pb_column][et_pb_column type=\u00bb1_4&#8243; _builder_version=\u00bb4.17.1&#8243; _module_preset=\u00bbdefault\u00bb global_colors_info=\u00bb{}\u00bb][et_pb_blurb title=\u00bbTratamiento de recepci\u00f3n de documentos\u00bb use_icon=\u00bbon\u00bb font_icon=\u00bb&#xf56f;||fa||900&#8243; image_icon_width=\u00bb56px\u00bb _builder_version=\u00bb4.17.1&#8243; _module_preset=\u00bbdefault\u00bb header_level=\u00bbh2&#8243; header_font=\u00bbPoppins||||||||\u00bb header_text_align=\u00bbcenter\u00bb header_text_color=\u00bb#6d6d6d\u00bb header_font_size=\u00bb16px\u00bb global_colors_info=\u00bb{}\u00bb][\/et_pb_blurb][\/et_pb_column][et_pb_column type=\u00bb1_4&#8243; _builder_version=\u00bb4.17.1&#8243; _module_preset=\u00bbdefault\u00bb global_colors_info=\u00bb{}\u00bb][et_pb_blurb title=\u00bbConsultas retroactivas de situaci\u00f3n de cartera\u00bb use_icon=\u00bbon\u00bb font_icon=\u00bb&#xe0d8;||divi||400&#8243; image_icon_width=\u00bb56px\u00bb _builder_version=\u00bb4.17.1&#8243; _module_preset=\u00bbdefault\u00bb header_level=\u00bbh2&#8243; header_font=\u00bbPoppins||||||||\u00bb header_text_align=\u00bbcenter\u00bb header_text_color=\u00bb#6d6d6d\u00bb header_font_size=\u00bb16px\u00bb global_colors_info=\u00bb{}\u00bb][\/et_pb_blurb][\/et_pb_column][\/et_pb_row][et_pb_row column_structure=\u00bb1_4,1_4,1_4,1_4&#8243; _builder_version=\u00bb4.17.1&#8243; _module_preset=\u00bbdefault\u00bb max_width=\u00bb1300px\u00bb global_colors_info=\u00bb{}\u00bb][et_pb_column type=\u00bb1_4&#8243; _builder_version=\u00bb4.17.1&#8243; _module_preset=\u00bbdefault\u00bb global_colors_info=\u00bb{}\u00bb][et_pb_blurb title=\u00bbControl de riesgo bancario\u00bb use_icon=\u00bbon\u00bb font_icon=\u00bb&#xf071;||fa||900&#8243; image_icon_width=\u00bb56px\u00bb _builder_version=\u00bb4.17.1&#8243; _module_preset=\u00bbdefault\u00bb header_level=\u00bbh2&#8243; header_font=\u00bbPoppins||||||||\u00bb header_text_align=\u00bbcenter\u00bb header_text_color=\u00bb#6d6d6d\u00bb header_font_size=\u00bb16px\u00bb global_colors_info=\u00bb{}\u00bb][\/et_pb_blurb][\/et_pb_column][et_pb_column type=\u00bb1_4&#8243; _builder_version=\u00bb4.17.1&#8243; _module_preset=\u00bbdefault\u00bb global_colors_info=\u00bb{}\u00bb][et_pb_blurb title=\u00bbTrazabilidad completa desde la creaci\u00f3n del efecto hasta su liquidaci\u00f3n\u00bb use_icon=\u00bbon\u00bb font_icon=\u00bb&#xf4c0;||fa||900&#8243; image_icon_width=\u00bb56px\u00bb _builder_version=\u00bb4.17.1&#8243; _module_preset=\u00bbdefault\u00bb header_level=\u00bbh2&#8243; header_font=\u00bbPoppins||||||||\u00bb header_text_align=\u00bbcenter\u00bb header_text_color=\u00bb#6d6d6d\u00bb header_font_size=\u00bb16px\u00bb global_colors_info=\u00bb{}\u00bb][\/et_pb_blurb][\/et_pb_column][et_pb_column type=\u00bb1_4&#8243; _builder_version=\u00bb4.17.1&#8243; _module_preset=\u00bbdefault\u00bb global_colors_info=\u00bb{}\u00bb][et_pb_blurb title=\u00bbPrevisi\u00f3n de tesorer\u00eda\u00bb use_icon=\u00bbon\u00bb font_icon=\u00bb&#xf53d;||fa||900&#8243; image_icon_width=\u00bb56px\u00bb _builder_version=\u00bb4.17.1&#8243; _module_preset=\u00bbdefault\u00bb header_level=\u00bbh2&#8243; header_font=\u00bbPoppins||||||||\u00bb header_text_align=\u00bbcenter\u00bb header_text_color=\u00bb#6d6d6d\u00bb header_font_size=\u00bb16px\u00bb global_colors_info=\u00bb{}\u00bb][\/et_pb_blurb][\/et_pb_column][et_pb_column type=\u00bb1_4&#8243; _builder_version=\u00bb4.17.1&#8243; _module_preset=\u00bbdefault\u00bb global_colors_info=\u00bb{}\u00bb][\/et_pb_column][\/et_pb_row][\/et_pb_section][et_pb_section fb_built=\u00bb1&#8243; _builder_version=\u00bb4.17.1&#8243; _module_preset=\u00bbdefault\u00bb background_color=\u00bbgcid-695d2a27-eb45-426d-9f34-5391514efc0a\u00bb locked=\u00bboff\u00bb global_colors_info=\u00bb{%22gcid-695d2a27-eb45-426d-9f34-5391514efc0a%22:%91%22background_color%22%93}\u00bb][et_pb_row column_structure=\u00bb1_2,1_2&#8243; use_custom_gutter=\u00bbon\u00bb gutter_width=\u00bb1&#8243; make_equal=\u00bbon\u00bb _builder_version=\u00bb4.17.1&#8243; _module_preset=\u00bbdefault\u00bb global_colors_info=\u00bb{}\u00bb][et_pb_column type=\u00bb1_2&#8243; _builder_version=\u00bb4.17.1&#8243; _module_preset=\u00bbdefault\u00bb custom_css_main_element=\u00bbmargin:auto\u00bb global_colors_info=\u00bb{}\u00bb][et_pb_text _builder_version=\u00bb4.17.1&#8243; _module_preset=\u00bbdefault\u00bb text_font=\u00bbPoppins||||||||\u00bb text_text_color=\u00bb#FFFFFF\u00bb text_font_size=\u00bb25px\u00bb text_orientation=\u00bbcenter\u00bb custom_padding=\u00bb||||false|false\u00bb custom_padding_tablet=\u00bb||||false|false\u00bb custom_padding_phone=\u00bb||30px||false|false\u00bb custom_padding_last_edited=\u00bbon|phone\u00bb global_colors_info=\u00bb{}\u00bb]Ponte en contacto con nosotros![\/et_pb_text][\/et_pb_column][et_pb_column type=\u00bb1_2&#8243; _builder_version=\u00bb4.17.1&#8243; _module_preset=\u00bbdefault\u00bb global_colors_info=\u00bb{}\u00bb][et_pb_button button_url=\u00bbhttps:\/\/resetcontrol.com\/contacto\/\u00bb button_text=\u00bbContacto\u00bb button_alignment=\u00bbcenter\u00bb _builder_version=\u00bb4.17.1&#8243; _module_preset=\u00bbdefault\u00bb custom_button=\u00bbon\u00bb button_text_color=\u00bb#000000&#8243; button_bg_color=\u00bb#FFFFFF\u00bb button_border_width=\u00bb0px\u00bb button_font=\u00bbPoppins||||||||\u00bb global_colors_info=\u00bb{}\u00bb][\/et_pb_button][\/et_pb_column][\/et_pb_row][\/et_pb_section]<\/p>","protected":false},"excerpt":{"rendered":"<p>reset comptabilitat Gestiona la Comptabilitat, Fiscalitat i Tresoreria.Reset Comptabilitat gestiona la Comptabilitat, Fiscalitat i Tresoreria.reset comptabilitatL&#039;objectiu de Reset Comptabilitat \u00e9s facilitar les tasques di\u00e0ries del comptable, fent-les m\u00e9s senzilles i rendibles. \u00c9s una soluci\u00f3 multiempresa i multiexercici. Fa f\u00e0cil la comptabilitzaci\u00f3 de seients, a m\u00e9s dels tractaments espec\u00edfics per a factures, tresoreria, etc\u2026 Posa&#039;t en contacte [\u2026]<\/p>","protected":false},"author":1,"featured_media":0,"parent":132,"menu_order":0,"comment_status":"closed","ping_status":"open","template":"","meta":{"_et_pb_use_builder":"on","_et_pb_old_content":"","_et_gb_content_width":"","footnotes":""},"class_list":["post-233","page","type-page","status-publish","hentry"],"yoast_head":"<!-- This site is optimized with the Yoast SEO plugin v23.9 - https:\/\/yoast.com\/wordpress\/plugins\/seo\/ -->\n<title>Reset Contabilidad - Reset Control<\/title>\n<meta name=\"description\" content=\"El objetivo de Reset Contabilidad es facilitar las labores diarias del contable, haci\u00e9ndolas m\u00e1s sencillas y rentables.\" \/>\n<meta name=\"robots\" content=\"index, follow, max-snippet:-1, max-image-preview:large, max-video-preview:-1\" \/>\n<link rel=\"canonical\" href=\"https:\/\/resetcontrol.com\/cat\/programari\/reset-comptabilitat\/\" \/>\n<meta property=\"og:locale\" content=\"ca_ES\" \/>\n<meta property=\"og:type\" content=\"article\" \/>\n<meta property=\"og:title\" content=\"Reset Contabilidad - Reset Control\" \/>\n<meta property=\"og:description\" content=\"El objetivo de Reset Contabilidad es facilitar las labores diarias del contable, haci\u00e9ndolas m\u00e1s sencillas y rentables.\" \/>\n<meta property=\"og:url\" content=\"https:\/\/resetcontrol.com\/cat\/programari\/reset-comptabilitat\/\" \/>\n<meta property=\"og:site_name\" content=\"Reset Control\" \/>\n<meta property=\"article:publisher\" content=\"https:\/\/www.facebook.com\/profile.php?id=61552808401220\" \/>\n<meta property=\"article:modified_time\" content=\"2023-07-14T09:03:49+00:00\" \/>\n<meta name=\"twitter:card\" content=\"summary_large_image\" \/>\n<meta name=\"twitter:site\" content=\"@ResetControl\" \/>\n<meta name=\"twitter:label1\" content=\"Temps estimat de lectura\" \/>\n\t<meta name=\"twitter:data1\" content=\"2 minuts\" \/>\n<script type=\"application\/ld+json\" class=\"yoast-schema-graph\">{\"@context\":\"https:\/\/schema.org\",\"@graph\":[{\"@type\":\"WebPage\",\"@id\":\"https:\/\/resetcontrol.com\/software\/reset-contabilidad\/\",\"url\":\"https:\/\/resetcontrol.com\/software\/reset-contabilidad\/\",\"name\":\"Reset Contabilidad - Reset Control\",\"isPartOf\":{\"@id\":\"https:\/\/resetcontrol.com\/#website\"},\"datePublished\":\"2022-10-21T10:35:50+00:00\",\"dateModified\":\"2023-07-14T09:03:49+00:00\",\"description\":\"El objetivo de Reset Contabilidad es facilitar las labores diarias del contable, haci\u00e9ndolas m\u00e1s sencillas y rentables.\",\"breadcrumb\":{\"@id\":\"https:\/\/resetcontrol.com\/software\/reset-contabilidad\/#breadcrumb\"},\"inLanguage\":\"ca\",\"potentialAction\":[{\"@type\":\"ReadAction\",\"target\":[\"https:\/\/resetcontrol.com\/software\/reset-contabilidad\/\"]}]},{\"@type\":\"BreadcrumbList\",\"@id\":\"https:\/\/resetcontrol.com\/software\/reset-contabilidad\/#breadcrumb\",\"itemListElement\":[{\"@type\":\"ListItem\",\"position\":1,\"name\":\"Inici\",\"item\":\"https:\/\/resetcontrol.com\/\"},{\"@type\":\"ListItem\",\"position\":2,\"name\":\"Software\",\"item\":\"https:\/\/resetcontrol.com\/software\/\"},{\"@type\":\"ListItem\",\"position\":3,\"name\":\"Reset Contabilidad\"}]},{\"@type\":\"WebSite\",\"@id\":\"https:\/\/resetcontrol.com\/#website\",\"url\":\"https:\/\/resetcontrol.com\/\",\"name\":\"Reset Control\",\"description\":\"35 a\u00f1os trabajando en programas inform\u00e1ticos de gesti\u00f3n\",\"publisher\":{\"@id\":\"https:\/\/resetcontrol.com\/#organization\"},\"inLanguage\":\"ca\"},{\"@type\":\"Organization\",\"@id\":\"https:\/\/resetcontrol.com\/#organization\",\"name\":\"Reset Control\",\"url\":\"https:\/\/resetcontrol.com\/\",\"logo\":{\"@type\":\"ImageObject\",\"inLanguage\":\"ca\",\"@id\":\"https:\/\/resetcontrol.com\/#\/schema\/logo\/image\/\",\"url\":\"https:\/\/resetcontrol.com\/wp-content\/uploads\/2024\/05\/LOGO-NUEVO2.png\",\"contentUrl\":\"https:\/\/resetcontrol.com\/wp-content\/uploads\/2024\/05\/LOGO-NUEVO2.png\",\"width\":1838,\"height\":1838,\"caption\":\"Reset Control\"},\"image\":{\"@id\":\"https:\/\/resetcontrol.com\/#\/schema\/logo\/image\/\"},\"sameAs\":[\"https:\/\/www.facebook.com\/profile.php?id=61552808401220\",\"https:\/\/x.com\/ResetControl\",\"https:\/\/www.instagram.com\/resetcontrol_sa\",\"https:\/\/es.linkedin.com\/in\/reset-control-s-a-control-9a5bbba8\"]}]}<\/script>\n<!-- \/ Yoast SEO plugin. -->","yoast_head_json":{"title":"Reset Contabilidad - Reset Control","description":"El objetivo de Reset Contabilidad es facilitar las labores diarias del contable, haci\u00e9ndolas m\u00e1s sencillas y rentables.","robots":{"index":"index","follow":"follow","max-snippet":"max-snippet:-1","max-image-preview":"max-image-preview:large","max-video-preview":"max-video-preview:-1"},"canonical":"https:\/\/resetcontrol.com\/cat\/programari\/reset-comptabilitat\/","og_locale":"ca_ES","og_type":"article","og_title":"Reset Contabilidad - Reset Control","og_description":"El objetivo de Reset Contabilidad es facilitar las labores diarias del contable, haci\u00e9ndolas m\u00e1s sencillas y rentables.","og_url":"https:\/\/resetcontrol.com\/cat\/programari\/reset-comptabilitat\/","og_site_name":"Reset Control","article_publisher":"https:\/\/www.facebook.com\/profile.php?id=61552808401220","article_modified_time":"2023-07-14T09:03:49+00:00","twitter_card":"summary_large_image","twitter_site":"@ResetControl","twitter_misc":{"Temps estimat de lectura":"2 minuts"},"schema":{"@context":"https:\/\/schema.org","@graph":[{"@type":"WebPage","@id":"https:\/\/resetcontrol.com\/software\/reset-contabilidad\/","url":"https:\/\/resetcontrol.com\/software\/reset-contabilidad\/","name":"Reset Contabilidad - Reset Control","isPartOf":{"@id":"https:\/\/resetcontrol.com\/#website"},"datePublished":"2022-10-21T10:35:50+00:00","dateModified":"2023-07-14T09:03:49+00:00","description":"El objetivo de Reset Contabilidad es facilitar las labores diarias del contable, haci\u00e9ndolas m\u00e1s sencillas y rentables.","breadcrumb":{"@id":"https:\/\/resetcontrol.com\/software\/reset-contabilidad\/#breadcrumb"},"inLanguage":"ca","potentialAction":[{"@type":"ReadAction","target":["https:\/\/resetcontrol.com\/software\/reset-contabilidad\/"]}]},{"@type":"BreadcrumbList","@id":"https:\/\/resetcontrol.com\/software\/reset-contabilidad\/#breadcrumb","itemListElement":[{"@type":"ListItem","position":1,"name":"Inici","item":"https:\/\/resetcontrol.com\/"},{"@type":"ListItem","position":2,"name":"Software","item":"https:\/\/resetcontrol.com\/software\/"},{"@type":"ListItem","position":3,"name":"Reset Contabilidad"}]},{"@type":"WebSite","@id":"https:\/\/resetcontrol.com\/#website","url":"https:\/\/resetcontrol.com\/","name":"Reset Control","description":"35 a\u00f1os trabajando en programas inform\u00e1ticos de gesti\u00f3n","publisher":{"@id":"https:\/\/resetcontrol.com\/#organization"},"inLanguage":"ca"},{"@type":"Organization","@id":"https:\/\/resetcontrol.com\/#organization","name":"Reset Control","url":"https:\/\/resetcontrol.com\/","logo":{"@type":"ImageObject","inLanguage":"ca","@id":"https:\/\/resetcontrol.com\/#\/schema\/logo\/image\/","url":"https:\/\/resetcontrol.com\/wp-content\/uploads\/2024\/05\/LOGO-NUEVO2.png","contentUrl":"https:\/\/resetcontrol.com\/wp-content\/uploads\/2024\/05\/LOGO-NUEVO2.png","width":1838,"height":1838,"caption":"Reset Control"},"image":{"@id":"https:\/\/resetcontrol.com\/#\/schema\/logo\/image\/"},"sameAs":["https:\/\/www.facebook.com\/profile.php?id=61552808401220","https:\/\/x.com\/ResetControl","https:\/\/www.instagram.com\/resetcontrol_sa","https:\/\/es.linkedin.com\/in\/reset-control-s-a-control-9a5bbba8"]}]}},"_links":{"self":[{"href":"https:\/\/resetcontrol.com\/cat\/wp-json\/wp\/v2\/pages\/233","targetHints":{"allow":["GET"]}}],"collection":[{"href":"https:\/\/resetcontrol.com\/cat\/wp-json\/wp\/v2\/pages"}],"about":[{"href":"https:\/\/resetcontrol.com\/cat\/wp-json\/wp\/v2\/types\/page"}],"author":[{"embeddable":true,"href":"https:\/\/resetcontrol.com\/cat\/wp-json\/wp\/v2\/users\/1"}],"replies":[{"embeddable":true,"href":"https:\/\/resetcontrol.com\/cat\/wp-json\/wp\/v2\/comments?post=233"}],"version-history":[{"count":73,"href":"https:\/\/resetcontrol.com\/cat\/wp-json\/wp\/v2\/pages\/233\/revisions"}],"predecessor-version":[{"id":1108,"href":"https:\/\/resetcontrol.com\/cat\/wp-json\/wp\/v2\/pages\/233\/revisions\/1108"}],"up":[{"embeddable":true,"href":"https:\/\/resetcontrol.com\/cat\/wp-json\/wp\/v2\/pages\/132"}],"wp:attachment":[{"href":"https:\/\/resetcontrol.com\/cat\/wp-json\/wp\/v2\/media?parent=233"}],"curies":[{"name":"wp","href":"https:\/\/api.w.org\/{rel}","templated":true}]}}