{"id":134,"date":"2022-10-21T08:21:13","date_gmt":"2022-10-21T08:21:13","guid":{"rendered":"https:\/\/resetcontrol.com\/?page_id=134"},"modified":"2023-04-17T09:20:33","modified_gmt":"2023-04-17T09:20:33","slug":"servicios","status":"publish","type":"page","link":"https:\/\/resetcontrol.com\/cat\/serveis\/","title":{"rendered":"Serveis"},"content":{"rendered":"<p>[et_pb_section fb_built=\u00bb1&#8243; _builder_version=\u00bb4.17.1&#8243; _module_preset=\u00bbdefault\u00bb background_image=\u00bbhttps:\/\/resetcontrol.com\/wp-content\/uploads\/2022\/10\/AdobeStock_99856924-scaled.jpeg\u00bb background_position=\u00bbtop_center\u00bb background_vertical_offset=\u00bb20%\u00bb height=\u00bb103vh\u00bb custom_margin=\u00bb-100px||||false|false\u00bb locked=\u00bboff\u00bb global_colors_info=\u00bb{}\u00bb][et_pb_row make_equal=\u00bbon\u00bb _builder_version=\u00bb4.17.1&#8243; _module_preset=\u00bbdefault\u00bb max_width=\u00bb1500px\u00bb height=\u00bb100%\u00bb custom_css_main_element=\u00bbdisplay: flex;||flex-direction: column;||justify-content: center;\u00bb global_colors_info=\u00bb{}\u00bb][et_pb_column type=\u00bb4_4&#8243; _builder_version=\u00bb4.17.1&#8243; _module_preset=\u00bbdefault\u00bb global_colors_info=\u00bb{}\u00bb][et_pb_text _builder_version=\u00bb4.17.1&#8243; _module_preset=\u00bbdefault\u00bb text_font=\u00bbPoppins||||||||\u00bb text_text_color=\u00bbgcid-695d2a27-eb45-426d-9f34-5391514efc0a\u00bb text_font_size=\u00bb30px\u00bb text_line_height=\u00bb1em\u00bb header_font=\u00bbPoppins||||||||\u00bb header_text_color=\u00bb#4b4b4b\u00bb header_font_size=\u00bb50px\u00bb global_colors_info=\u00bb{%22gcid-695d2a27-eb45-426d-9f34-5391514efc0a%22:%91%22text_text_color%22,%22text_text_color%22%93}\u00bb]<\/p>\n<h1>Serveis<\/h1>\n<p>Demana el teu pressupost sense comprom\u00eds<\/p>\n<p>[\/et_pb_text][\/et_pb_column][\/et_pb_row][\/et_pb_section][et_pb_section fb_built=&quot;1&quot; _builder_version=&quot;4.17.1&quot; _module_preset=&quot;default&quot; custom_margin=&quot;||0px| 10px||||false|false\u00bb global_colors_info=\u00bb{}\u00bb][et_pb_row _builder_version=\u00bb4.17.1\u2033 _module_preset=\u00bbdefault\u00bb global_colors_info=\u00bb{}\u00bb][et_pb_column type=\u00bb4_4\u2033 _builder_version=. \u2033 _module_preset=\u00bbdefault\u00bb global_colors_info=\u00bb{}\u00bb][et_pb_text _builder_version=\u00bb4.17.1\u2033 _module_preset=\u00bbdefault\u00bb header_2_font=\u00bbPoppins|||||||||\u00bb header_2_text_align=&quot;center&quot; header_2_font_size=&quot;30px&quot; custom_margin=&quot;||0px||false|false&quot; global_colors_info=\u00bb{}\u00bb]<\/p>\n<h2>Manteniment<\/h2>\n<p>[\/et_pb_text][et_pb_divider color=\u00bbgcid-695d2a27-eb45-426d-9f34-5391514efc0a\u00bb divider_position=\u00bbcenter\u00bb divider_weight=\u00bb3px\u00bb _builder_version=\u00bb4.17.1&#8243; _module_preset=\u00bbdefault\u00bb width=\u00bb15%\u00bb module_alignment=\u00bbcenter\u00bb global_colors_info=\u00bb{%22gcid-695d2a27-eb45-426d-9f34-5391514efc0a%22:%91%22color%22%93}\u00bb][\/et_pb_divider][\/et_pb_column][\/et_pb_row][et_pb_row column_structure=\u00bb2_5,3_5&#8243; make_equal=\u00bbon\u00bb _builder_version=\u00bb4.17.1&#8243; _module_preset=\u00bbdefault\u00bb max_width=\u00bb1300px\u00bb global_colors_info=\u00bb{}\u00bb][et_pb_column type=\u00bb2_5&#8243; _builder_version=\u00bb4.17.1&#8243; _module_preset=\u00bbdefault\u00bb global_colors_info=\u00bb{}\u00bb][et_pb_blurb image=\u00bbhttps:\/\/resetcontrol.com\/wp-content\/uploads\/2022\/10\/MANTENIMIENTO1.png\u00bb alt=\u00bbGr\u00e1fico que simboliza la asistencia remota\u00bb image_icon_width=\u00bb130px\u00bb _builder_version=\u00bb4.17.1&#8243; _module_preset=\u00bbdefault\u00bb header_level=\u00bbh3&#8243; header_font=\u00bbPoppins||||||||\u00bb header_text_align=\u00bbcenter\u00bb header_font_size=\u00bb26px\u00bb body_font=\u00bbInter|300|||||||\u00bb custom_margin=\u00bb0px||||false|false\u00bb custom_padding=\u00bb0px||||false|false\u00bb global_colors_info=\u00bb{%22gcid-695d2a27-eb45-426d-9f34-5391514efc0a%22:%91%22icon_color%22%93}\u00bb]<\/p>\n<p class=\" translation-block\"><strong>Instal\u00b7lem a qualsevol punt de la geografia<\/strong> i donem suport remot en qualsevol lloc a totes les nostres aplicacions.<\/p>\n<p>[\/et_pb_blurb][et_pb_blurb image=\u00bbhttps:\/\/resetcontrol.com\/wp-content\/uploads\/2022\/10\/MANTENIMIENTO2-1.png\u00bb alt=\u00bbGr\u00e1fico que simboliza prestar servicios en diferentes puestos de trabajo\u00bb image_icon_width=\u00bb130px\u00bb _builder_version=\u00bb4.17.1&#8243; _module_preset=\u00bbdefault\u00bb header_level=\u00bbh3&#8243; header_font=\u00bbPoppins||||||||\u00bb header_text_align=\u00bbcenter\u00bb header_font_size=\u00bb26px\u00bb body_font=\u00bbInter|300|||||||\u00bb custom_margin=\u00bb0px||||false|false\u00bb custom_padding=\u00bb0px||||false|false\u00bb global_colors_info=\u00bb{%22gcid-695d2a27-eb45-426d-9f34-5391514efc0a%22:%91%22icon_color%22,%22icon_color%22%93}\u00bb]<\/p>\n<p class=\" translation-block\">Si \u00e9s necessari <strong>prestem servei als diferents llocs de treball<\/strong>, a les condicions contractuals prefixades.<\/p>\n<p>[\/et_pb_blurb][et_pb_blurb image=\u00bbhttps:\/\/resetcontrol.com\/wp-content\/uploads\/2022\/10\/MANTENIMIENTO3.png\u00bb alt=\u00bbGr\u00e1fico que simboliza en crecimiento y la mejora de nuestros productos\u00bb image_icon_width=\u00bb130px\u00bb _builder_version=\u00bb4.17.1&#8243; _module_preset=\u00bbdefault\u00bb header_level=\u00bbh3&#8243; header_font=\u00bbPoppins||||||||\u00bb header_text_align=\u00bbcenter\u00bb header_font_size=\u00bb26px\u00bb body_font=\u00bbInter|300|||||||\u00bb custom_margin=\u00bb0px||||false|false\u00bb custom_padding=\u00bb0px||||false|false\u00bb global_colors_info=\u00bb{%22gcid-695d2a27-eb45-426d-9f34-5391514efc0a%22:%91%22icon_color%22,%22icon_color%22%93}\u00bb]<\/p>\n<p class=\" translation-block\">Atenent les circumst\u00e0ncies del mercat, <strong>realitzem cont\u00ednues millores en els nostres productes<\/strong> que reverteixen els nostres clients sense c\u00e0rrecs.<\/p>\n<p>[\/et_pb_blurb][\/et_pb_column][et_pb_column type=\u00bb3_5&#8243; _builder_version=\u00bb4.17.1&#8243; _module_preset=\u00bbdefault\u00bb custom_css_main_element=\u00bbmargin:auto\u00bb global_colors_info=\u00bb{}\u00bb][et_pb_image src=\u00bbhttps:\/\/resetcontrol.com\/wp-content\/uploads\/2023\/03\/AdobeStock_288702347-scaled.jpeg\u00bb alt=\u00bbPersonal de Reset Control trabajando\u00bb title_text=\u00bbPersonal de Reset Control trabajando\u00bb _builder_version=\u00bb4.17.1&#8243; _module_preset=\u00bbdefault\u00bb global_colors_info=\u00bb{}\u00bb][\/et_pb_image][\/et_pb_column][\/et_pb_row][\/et_pb_section][et_pb_section fb_built=\u00bb1&#8243; _builder_version=\u00bb4.17.1&#8243; _module_preset=\u00bbdefault\u00bb background_color=\u00bbgcid-695d2a27-eb45-426d-9f34-5391514efc0a\u00bb locked=\u00bboff\u00bb global_colors_info=\u00bb{%22gcid-695d2a27-eb45-426d-9f34-5391514efc0a%22:%91%22background_color%22,%22background_color%22%93}\u00bb][et_pb_row column_structure=\u00bb1_2,1_2&#8243; use_custom_gutter=\u00bbon\u00bb gutter_width=\u00bb1&#8243; make_equal=\u00bbon\u00bb _builder_version=\u00bb4.17.1&#8243; _module_preset=\u00bbdefault\u00bb global_colors_info=\u00bb{}\u00bb][et_pb_column type=\u00bb1_2&#8243; _builder_version=\u00bb4.17.1&#8243; _module_preset=\u00bbdefault\u00bb custom_css_main_element=\u00bbmargin:auto\u00bb global_colors_info=\u00bb{}\u00bb][et_pb_text _builder_version=\u00bb4.17.1&#8243; _module_preset=\u00bbdefault\u00bb text_font=\u00bbPoppins||||||||\u00bb text_text_color=\u00bb#FFFFFF\u00bb text_font_size=\u00bb25px\u00bb text_orientation=\u00bbcenter\u00bb custom_padding=\u00bb||||false|false\u00bb custom_padding_tablet=\u00bb||||false|false\u00bb custom_padding_phone=\u00bb||30px||false|false\u00bb custom_padding_last_edited=\u00bbon|phone\u00bb global_colors_info=\u00bb{}\u00bb]Ponte en contacto con nosotros![\/et_pb_text][\/et_pb_column][et_pb_column type=\u00bb1_2&#8243; _builder_version=\u00bb4.17.1&#8243; _module_preset=\u00bbdefault\u00bb global_colors_info=\u00bb{}\u00bb][et_pb_button button_url=\u00bbhttps:\/\/resetcontrol.com\/contacto\/\u00bb button_text=\u00bbContacto\u00bb button_alignment=\u00bbcenter\u00bb _builder_version=\u00bb4.17.1&#8243; _module_preset=\u00bbdefault\u00bb custom_button=\u00bbon\u00bb button_text_color=\u00bb#000000&#8243; button_bg_color=\u00bb#FFFFFF\u00bb button_border_width=\u00bb0px\u00bb button_font=\u00bbPoppins||||||||\u00bb global_colors_info=\u00bb{}\u00bb][\/et_pb_button][\/et_pb_column][\/et_pb_row][\/et_pb_section][et_pb_section fb_built=\u00bb1&#8243; _builder_version=\u00bb4.17.1&#8243; _module_preset=\u00bbdefault\u00bb global_colors_info=\u00bb{}\u00bb][et_pb_row _builder_version=\u00bb4.17.1&#8243; _module_preset=\u00bbdefault\u00bb global_colors_info=\u00bb{}\u00bb][et_pb_column type=\u00bb4_4&#8243; _builder_version=\u00bb4.17.1&#8243; _module_preset=\u00bbdefault\u00bb global_colors_info=\u00bb{}\u00bb][et_pb_text _builder_version=\u00bb4.17.1&#8243; _module_preset=\u00bbdefault\u00bb header_2_font=\u00bbPoppins||||||||\u00bb header_2_text_align=\u00bbcenter\u00bb header_2_font_size=\u00bb30px\u00bb custom_margin=\u00bb||0px||false|false\u00bb global_colors_info=\u00bb{}\u00bb]<\/p>\n<h2>Assist\u00e8ncia remota<\/h2>\n<p>[\/et_pb_text][et_pb_divider color=\u00bbgcid-695d2a27-eb45-426d-9f34-5391514efc0a\u00bb divider_position=\u00bbcenter\u00bb divider_weight=\u00bb3px\u00bb _builder_version=\u00bb4.17.1&#8243; _module_preset=\u00bbdefault\u00bb width=\u00bb15%\u00bb module_alignment=\u00bbcenter\u00bb global_colors_info=\u00bb{%22gcid-695d2a27-eb45-426d-9f34-5391514efc0a%22:%91%22color%22%93}\u00bb][\/et_pb_divider][\/et_pb_column][\/et_pb_row][et_pb_row column_structure=\u00bb1_2,1_2&#8243; make_equal=\u00bbon\u00bb _builder_version=\u00bb4.17.1&#8243; _module_preset=\u00bbdefault\u00bb global_colors_info=\u00bb{}\u00bb][et_pb_column type=\u00bb1_2&#8243; _builder_version=\u00bb4.17.1&#8243; _module_preset=\u00bbdefault\u00bb global_colors_info=\u00bb{}\u00bb][et_pb_image src=\u00bbhttps:\/\/resetcontrol.com\/wp-content\/uploads\/2022\/10\/4507px-TeamViewer_logo.svg_-scaled.webp\u00bb alt=\u00bbLogo de TeamViewer\u00bb title_text=\u00bbLogo de TeamViewer\u00bb _builder_version=\u00bb4.17.1&#8243; _module_preset=\u00bbdefault\u00bb width=\u00bb70%\u00bb module_alignment=\u00bbcenter\u00bb custom_padding=\u00bb30px||30px||true|false\u00bb global_colors_info=\u00bb{}\u00bb][\/et_pb_image][et_pb_button button_url=\u00bbhttps:\/\/resetcontrol.com\/wp-content\/uploads\/2022\/10\/support.exe\u00bb button_text=\u00bbDescargar\u00bb button_alignment=\u00bbcenter\u00bb _builder_version=\u00bb4.17.1&#8243; _module_preset=\u00bbdefault\u00bb custom_button=\u00bbon\u00bb button_text_color=\u00bb#FFFFFF\u00bb button_bg_color=\u00bbgcid-695d2a27-eb45-426d-9f34-5391514efc0a\u00bb button_border_width=\u00bb0px\u00bb global_colors_info=\u00bb{%22gcid-695d2a27-eb45-426d-9f34-5391514efc0a%22:%91%22button_bg_color%22%93}\u00bb][\/et_pb_button][\/et_pb_column][et_pb_column type=\u00bb1_2&#8243; _builder_version=\u00bb4.17.1&#8243; _module_preset=\u00bbdefault\u00bb custom_css_main_element=\u00bbmargin:auto\u00bb global_colors_info=\u00bb{}\u00bb][et_pb_text _builder_version=\u00bb4.17.1&#8243; _module_preset=\u00bbdefault\u00bb text_font=\u00bbPoppins||||||||\u00bb text_font_size=\u00bb20px\u00bb global_colors_info=\u00bb{}\u00bb]<\/p>\n<p>TeamViewer, qu\u00e8 \u00e9s?<\/p>\n<p>[\/et_pb_text][et_pb_text _builder_version=\u00bb4.17.1\u2033 _module_preset=\u00bbdefault\u00bb text_font=\u00bbPoppins|300|||||||\u00bb hover_enabled=\u00bb0\u2033 global_colors_info=\u00bb{}\u00bb sticky_enabled=\u00bb0\u2033]<\/p>\n<p><strong>TeamViewer<\/strong><span>\u00a0<\/span>\u00e9s un programari inform\u00e0tic de f\u00e0cil acc\u00e9s, que <strong>permet connectar-se remotament a un altre equip<\/strong>. Entre les seves funcions hi ha: <strong>compartir i controlar escriptoris, reunions en l\u00ednia, videoconfer\u00e8ncies i transfer\u00e8ncia d'arxius entre ordinadors<\/strong>.<\/p>\n<p>[\/et_pb_text][\/et_pb_column][\/et_pb_row][\/et_pb_section]<\/p>","protected":false},"excerpt":{"rendered":"<p>Serveis Sol\u00b7licita el teu pressupost sense comprom\u00edsMantenimentInstal\u00b7lem en qualsevol punt de la geografia i donem suport remot a qualsevol lloc a totes les nostres aplicacions.En cas necessari prestem servei als diferents llocs de treball, en les condicions contractuals prefixades.Atenent a les circumst\u00e0ncies del mercat, realitzem cont\u00ednues millores en els nostres productes que reverteixen als nostres clients sense [\u2026]<\/p>","protected":false},"author":1,"featured_media":0,"parent":0,"menu_order":0,"comment_status":"closed","ping_status":"open","template":"","meta":{"_et_pb_use_builder":"on","_et_pb_old_content":"","_et_gb_content_width":"","footnotes":""},"class_list":["post-134","page","type-page","status-publish","hentry"],"yoast_head":"<!-- This site is optimized with the Yoast SEO plugin v23.9 - https:\/\/yoast.com\/wordpress\/plugins\/seo\/ -->\n<title>Servicios - Reset Control<\/title>\n<meta name=\"description\" content=\"Instalamos en cualquier punto de la geografi\u0301a y damos soporte remoto en cualquier lugar a todas nuestras aplicaciones\" \/>\n<meta name=\"robots\" content=\"index, follow, max-snippet:-1, max-image-preview:large, max-video-preview:-1\" \/>\n<link rel=\"canonical\" href=\"https:\/\/resetcontrol.com\/cat\/serveis\/\" \/>\n<meta property=\"og:locale\" content=\"ca_ES\" \/>\n<meta property=\"og:type\" content=\"article\" \/>\n<meta property=\"og:title\" content=\"Servicios - Reset Control\" \/>\n<meta property=\"og:description\" content=\"Instalamos en cualquier punto de la geografi\u0301a y damos soporte remoto en cualquier lugar a todas nuestras aplicaciones\" \/>\n<meta property=\"og:url\" content=\"https:\/\/resetcontrol.com\/cat\/serveis\/\" \/>\n<meta property=\"og:site_name\" content=\"Reset Control\" \/>\n<meta property=\"article:publisher\" content=\"https:\/\/www.facebook.com\/profile.php?id=61552808401220\" \/>\n<meta property=\"article:modified_time\" content=\"2023-04-17T09:20:33+00:00\" \/>\n<meta name=\"twitter:card\" content=\"summary_large_image\" \/>\n<meta name=\"twitter:site\" content=\"@ResetControl\" \/>\n<meta name=\"twitter:label1\" content=\"Temps estimat de lectura\" \/>\n\t<meta name=\"twitter:data1\" content=\"3 minuts\" \/>\n<script type=\"application\/ld+json\" class=\"yoast-schema-graph\">{\"@context\":\"https:\/\/schema.org\",\"@graph\":[{\"@type\":\"WebPage\",\"@id\":\"https:\/\/resetcontrol.com\/servicios\/\",\"url\":\"https:\/\/resetcontrol.com\/servicios\/\",\"name\":\"Servicios - Reset Control\",\"isPartOf\":{\"@id\":\"https:\/\/resetcontrol.com\/#website\"},\"datePublished\":\"2022-10-21T08:21:13+00:00\",\"dateModified\":\"2023-04-17T09:20:33+00:00\",\"description\":\"Instalamos en cualquier punto de la geografi\u0301a y damos soporte remoto en cualquier lugar a todas nuestras aplicaciones\",\"breadcrumb\":{\"@id\":\"https:\/\/resetcontrol.com\/servicios\/#breadcrumb\"},\"inLanguage\":\"ca\",\"potentialAction\":[{\"@type\":\"ReadAction\",\"target\":[\"https:\/\/resetcontrol.com\/servicios\/\"]}]},{\"@type\":\"BreadcrumbList\",\"@id\":\"https:\/\/resetcontrol.com\/servicios\/#breadcrumb\",\"itemListElement\":[{\"@type\":\"ListItem\",\"position\":1,\"name\":\"Inici\",\"item\":\"https:\/\/resetcontrol.com\/\"},{\"@type\":\"ListItem\",\"position\":2,\"name\":\"Servicios\"}]},{\"@type\":\"WebSite\",\"@id\":\"https:\/\/resetcontrol.com\/#website\",\"url\":\"https:\/\/resetcontrol.com\/\",\"name\":\"Reset Control\",\"description\":\"35 a\u00f1os trabajando en programas inform\u00e1ticos de gesti\u00f3n\",\"publisher\":{\"@id\":\"https:\/\/resetcontrol.com\/#organization\"},\"inLanguage\":\"ca\"},{\"@type\":\"Organization\",\"@id\":\"https:\/\/resetcontrol.com\/#organization\",\"name\":\"Reset Control\",\"url\":\"https:\/\/resetcontrol.com\/\",\"logo\":{\"@type\":\"ImageObject\",\"inLanguage\":\"ca\",\"@id\":\"https:\/\/resetcontrol.com\/#\/schema\/logo\/image\/\",\"url\":\"https:\/\/resetcontrol.com\/wp-content\/uploads\/2024\/05\/LOGO-NUEVO2.png\",\"contentUrl\":\"https:\/\/resetcontrol.com\/wp-content\/uploads\/2024\/05\/LOGO-NUEVO2.png\",\"width\":1838,\"height\":1838,\"caption\":\"Reset Control\"},\"image\":{\"@id\":\"https:\/\/resetcontrol.com\/#\/schema\/logo\/image\/\"},\"sameAs\":[\"https:\/\/www.facebook.com\/profile.php?id=61552808401220\",\"https:\/\/x.com\/ResetControl\",\"https:\/\/www.instagram.com\/resetcontrol_sa\",\"https:\/\/es.linkedin.com\/in\/reset-control-s-a-control-9a5bbba8\"]}]}<\/script>\n<!-- \/ Yoast SEO plugin. -->","yoast_head_json":{"title":"Servicios - Reset Control","description":"Instalamos en cualquier punto de la geografi\u0301a y damos soporte remoto en cualquier lugar a todas nuestras aplicaciones","robots":{"index":"index","follow":"follow","max-snippet":"max-snippet:-1","max-image-preview":"max-image-preview:large","max-video-preview":"max-video-preview:-1"},"canonical":"https:\/\/resetcontrol.com\/cat\/serveis\/","og_locale":"ca_ES","og_type":"article","og_title":"Servicios - Reset Control","og_description":"Instalamos en cualquier punto de la geografi\u0301a y damos soporte remoto en cualquier lugar a todas nuestras aplicaciones","og_url":"https:\/\/resetcontrol.com\/cat\/serveis\/","og_site_name":"Reset Control","article_publisher":"https:\/\/www.facebook.com\/profile.php?id=61552808401220","article_modified_time":"2023-04-17T09:20:33+00:00","twitter_card":"summary_large_image","twitter_site":"@ResetControl","twitter_misc":{"Temps estimat de lectura":"3 minuts"},"schema":{"@context":"https:\/\/schema.org","@graph":[{"@type":"WebPage","@id":"https:\/\/resetcontrol.com\/servicios\/","url":"https:\/\/resetcontrol.com\/servicios\/","name":"Servicios - Reset Control","isPartOf":{"@id":"https:\/\/resetcontrol.com\/#website"},"datePublished":"2022-10-21T08:21:13+00:00","dateModified":"2023-04-17T09:20:33+00:00","description":"Instalamos en cualquier punto de la geografi\u0301a y damos soporte remoto en cualquier lugar a todas nuestras aplicaciones","breadcrumb":{"@id":"https:\/\/resetcontrol.com\/servicios\/#breadcrumb"},"inLanguage":"ca","potentialAction":[{"@type":"ReadAction","target":["https:\/\/resetcontrol.com\/servicios\/"]}]},{"@type":"BreadcrumbList","@id":"https:\/\/resetcontrol.com\/servicios\/#breadcrumb","itemListElement":[{"@type":"ListItem","position":1,"name":"Inici","item":"https:\/\/resetcontrol.com\/"},{"@type":"ListItem","position":2,"name":"Servicios"}]},{"@type":"WebSite","@id":"https:\/\/resetcontrol.com\/#website","url":"https:\/\/resetcontrol.com\/","name":"Reset Control","description":"35 a\u00f1os trabajando en programas inform\u00e1ticos de gesti\u00f3n","publisher":{"@id":"https:\/\/resetcontrol.com\/#organization"},"inLanguage":"ca"},{"@type":"Organization","@id":"https:\/\/resetcontrol.com\/#organization","name":"Reset Control","url":"https:\/\/resetcontrol.com\/","logo":{"@type":"ImageObject","inLanguage":"ca","@id":"https:\/\/resetcontrol.com\/#\/schema\/logo\/image\/","url":"https:\/\/resetcontrol.com\/wp-content\/uploads\/2024\/05\/LOGO-NUEVO2.png","contentUrl":"https:\/\/resetcontrol.com\/wp-content\/uploads\/2024\/05\/LOGO-NUEVO2.png","width":1838,"height":1838,"caption":"Reset Control"},"image":{"@id":"https:\/\/resetcontrol.com\/#\/schema\/logo\/image\/"},"sameAs":["https:\/\/www.facebook.com\/profile.php?id=61552808401220","https:\/\/x.com\/ResetControl","https:\/\/www.instagram.com\/resetcontrol_sa","https:\/\/es.linkedin.com\/in\/reset-control-s-a-control-9a5bbba8"]}]}},"_links":{"self":[{"href":"https:\/\/resetcontrol.com\/cat\/wp-json\/wp\/v2\/pages\/134","targetHints":{"allow":["GET"]}}],"collection":[{"href":"https:\/\/resetcontrol.com\/cat\/wp-json\/wp\/v2\/pages"}],"about":[{"href":"https:\/\/resetcontrol.com\/cat\/wp-json\/wp\/v2\/types\/page"}],"author":[{"embeddable":true,"href":"https:\/\/resetcontrol.com\/cat\/wp-json\/wp\/v2\/users\/1"}],"replies":[{"embeddable":true,"href":"https:\/\/resetcontrol.com\/cat\/wp-json\/wp\/v2\/comments?post=134"}],"version-history":[{"count":44,"href":"https:\/\/resetcontrol.com\/cat\/wp-json\/wp\/v2\/pages\/134\/revisions"}],"predecessor-version":[{"id":1012,"href":"https:\/\/resetcontrol.com\/cat\/wp-json\/wp\/v2\/pages\/134\/revisions\/1012"}],"wp:attachment":[{"href":"https:\/\/resetcontrol.com\/cat\/wp-json\/wp\/v2\/media?parent=134"}],"curies":[{"name":"wp","href":"https:\/\/api.w.org\/{rel}","templated":true}]}}