{"id":132,"date":"2022-10-21T08:20:48","date_gmt":"2022-10-21T08:20:48","guid":{"rendered":"https:\/\/resetcontrol.com\/?page_id=132"},"modified":"2023-04-17T07:51:07","modified_gmt":"2023-04-17T07:51:07","slug":"software","status":"publish","type":"page","link":"https:\/\/resetcontrol.com\/cat\/programari\/","title":{"rendered":"Software"},"content":{"rendered":"<p>[et_pb_section fb_built=\u00bb1&#8243; _builder_version=\u00bb4.17.1&#8243; _module_preset=\u00bbdefault\u00bb background_image=\u00bbhttps:\/\/resetcontrol.com\/wp-content\/uploads\/2023\/02\/AdobeStock_314836331-scaled.jpeg\u00bb background_position=\u00bbtop_left\u00bb background_vertical_offset=\u00bb0%\u00bb height=\u00bb103vh\u00bb custom_margin=\u00bb-100px||||false|false\u00bb locked=\u00bboff\u00bb global_colors_info=\u00bb{}\u00bb][et_pb_row make_equal=\u00bbon\u00bb _builder_version=\u00bb4.17.1&#8243; _module_preset=\u00bbdefault\u00bb max_width=\u00bb1500px\u00bb height=\u00bb100%\u00bb custom_css_main_element=\u00bbdisplay: flex;||flex-direction: column;||justify-content: center;\u00bb global_colors_info=\u00bb{}\u00bb][et_pb_column type=\u00bb4_4&#8243; _builder_version=\u00bb4.17.1&#8243; _module_preset=\u00bbdefault\u00bb global_colors_info=\u00bb{}\u00bb][et_pb_text _builder_version=\u00bb4.17.1&#8243; _module_preset=\u00bbdefault\u00bb text_font=\u00bbPoppins||||||||\u00bb text_text_color=\u00bbgcid-695d2a27-eb45-426d-9f34-5391514efc0a\u00bb text_font_size=\u00bb30px\u00bb text_line_height=\u00bb1em\u00bb header_font=\u00bbPoppins||||||||\u00bb header_text_color=\u00bb#4b4b4b\u00bb header_font_size=\u00bb50px\u00bb global_colors_info=\u00bb{%22gcid-695d2a27-eb45-426d-9f34-5391514efc0a%22:%91%22text_text_color%22%93}\u00bb]<\/p>\n<h1 style=\"text-shadow: 0px 0px 12px rgba(255,255,255,0.4);\">Software<\/h1>\n<p style=\"text-shadow: 0px 0px 12px rgba(0,0,0,0.2);\">Control comptable i empresarial<\/p>\n<p>[\/et_pb_text][\/et_pb_column][\/et_pb_row][\/et_pb_section][et_pb_section fb_built=&quot;1&quot; _builder_version=&quot;4.17.1&quot; _module_preset=&quot;default&quot; custom_margin=&quot;||0px| 10px||||false|false\u00bb global_colors_info=\u00bb{}\u00bb][et_pb_row _builder_version=\u00bb4.17.1\u2033 _module_preset=\u00bbdefault\u00bb locked=\u00bboff\u00bb global_colors_info=\u00bb{}\u00bb][et_pb_column type=\u00bb4_4\u2033 =\u00bb4.17.1\u2033 _module_preset=\u00bbdefault\u00bb global_colors_info=\u00bb{}\u00bb][et_pb_text _builder_version=\u00bb4.17.1\u2033 _module_preset=\u00bbdefault\u00bb header_2_font=\u00bbPoppins|||||||||\u00bb header_2_text_align=&quot;center&quot; header_2_font_size=&quot;30px&quot; custom_margin=&quot;||0px||false|false&quot; hover_enabled=&quot;0&quot; global_colors_info=&quot;{}&quot; sticky_enabled=\u00bb0\u2033]<\/p>\n<h2>Productes<\/h2>\n<p>[\/et_pb_text][et_pb_divider color=\u00bbgcid-695d2a27-eb45-426d-9f34-5391514efc0a\u00bb divider_position=\u00bbcenter\u00bb divider_weight=\u00bb3px\u00bb _builder_version=\u00bb4.17.1&#8243; _module_preset=\u00bbdefault\u00bb width=\u00bb10%\u00bb module_alignment=\u00bbcenter\u00bb global_colors_info=\u00bb{%22gcid-695d2a27-eb45-426d-9f34-5391514efc0a%22:%91%22color%22%93}\u00bb][\/et_pb_divider][\/et_pb_column][\/et_pb_row][et_pb_row column_structure=\u00bb1_3,1_3,1_3&#8243; disabled_on=\u00bbon|on|off\u00bb _builder_version=\u00bb4.17.1&#8243; _module_preset=\u00bbdefault\u00bb max_width=\u00bb1300px\u00bb global_colors_info=\u00bb{}\u00bb][et_pb_column type=\u00bb1_3&#8243; _builder_version=\u00bb4.17.1&#8243; _module_preset=\u00bbdefault\u00bb global_colors_info=\u00bb{}\u00bb][et_pb_blurb title=\u00bbReset Merca\u00bb image=\u00bbhttps:\/\/resetcontrol.com\/wp-content\/uploads\/2022\/10\/Recurso1.png\u00bb alt=\u00bbIcono de Reset Merca\u00bb image_icon_width=\u00bb130px\u00bb _builder_version=\u00bb4.17.1&#8243; _module_preset=\u00bbdefault\u00bb header_level=\u00bbh3&#8243; header_font=\u00bbPoppins||||||||\u00bb header_text_align=\u00bbcenter\u00bb header_font_size=\u00bb26px\u00bb body_font=\u00bbInter||||||||\u00bb custom_margin=\u00bb0px||||false|false\u00bb custom_padding=\u00bb0px||||false|false\u00bb global_colors_info=\u00bb{%22gcid-695d2a27-eb45-426d-9f34-5391514efc0a%22:%91%22icon_color%22%93}\u00bb][\/et_pb_blurb][\/et_pb_column][et_pb_column type=\u00bb1_3&#8243; _builder_version=\u00bb4.17.1&#8243; _module_preset=\u00bbdefault\u00bb global_colors_info=\u00bb{}\u00bb][et_pb_blurb title=\u00bbReset Contabilidad\u00bb image=\u00bbhttps:\/\/resetcontrol.com\/wp-content\/uploads\/2022\/10\/Recurso2.png\u00bb alt=\u00bbIcono de Reset Contabilidad\u00bb image_icon_width=\u00bb130px\u00bb _builder_version=\u00bb4.17.1&#8243; _module_preset=\u00bbdefault\u00bb header_level=\u00bbh3&#8243; header_font=\u00bbPoppins||||||||\u00bb header_text_align=\u00bbcenter\u00bb header_font_size=\u00bb26px\u00bb body_font=\u00bbInter||||||||\u00bb custom_margin=\u00bb0px||||false|false\u00bb custom_padding=\u00bb0px||||false|false\u00bb global_colors_info=\u00bb{%22gcid-695d2a27-eb45-426d-9f34-5391514efc0a%22:%91%22icon_color%22,%22icon_color%22%93}\u00bb][\/et_pb_blurb][\/et_pb_column][et_pb_column type=\u00bb1_3&#8243; _builder_version=\u00bb4.17.1&#8243; _module_preset=\u00bbdefault\u00bb global_colors_info=\u00bb{}\u00bb][et_pb_blurb title=\u00bbReset Distribuci\u00f3n\u00bb image=\u00bbhttps:\/\/resetcontrol.com\/wp-content\/uploads\/2022\/10\/Recurso3.png\u00bb alt=\u00bbIcono de Reset Distribuci\u00f3n\u00bb image_icon_width=\u00bb130px\u00bb _builder_version=\u00bb4.17.1&#8243; _module_preset=\u00bbdefault\u00bb header_level=\u00bbh3&#8243; header_font=\u00bbPoppins||||||||\u00bb header_text_align=\u00bbcenter\u00bb header_font_size=\u00bb26px\u00bb body_font=\u00bbInter||||||||\u00bb custom_margin=\u00bb0px||||false|false\u00bb custom_padding=\u00bb0px||||false|false\u00bb global_colors_info=\u00bb{%22gcid-695d2a27-eb45-426d-9f34-5391514efc0a%22:%91%22icon_color%22,%22icon_color%22%93}\u00bb][\/et_pb_blurb][\/et_pb_column][\/et_pb_row][et_pb_row column_structure=\u00bb1_3,1_3,1_3&#8243; disabled_on=\u00bbon|on|off\u00bb _builder_version=\u00bb4.17.1&#8243; _module_preset=\u00bbdefault\u00bb max_width=\u00bb1300px\u00bb global_colors_info=\u00bb{}\u00bb][et_pb_column type=\u00bb1_3&#8243; _builder_version=\u00bb4.17.1&#8243; _module_preset=\u00bbdefault\u00bb global_colors_info=\u00bb{}\u00bb][et_pb_button button_url=\u00bbhttps:\/\/resetcontrol.com\/reset-merca\/\u00bb button_text=\u00bbM\u00e1s informaci\u00f3n\u00bb button_alignment=\u00bbcenter\u00bb _builder_version=\u00bb4.17.1&#8243; _module_preset=\u00bbdefault\u00bb custom_button=\u00bbon\u00bb button_text_color=\u00bb#FFFFFF\u00bb button_bg_color=\u00bbgcid-695d2a27-eb45-426d-9f34-5391514efc0a\u00bb button_border_width=\u00bb0px\u00bb global_colors_info=\u00bb{%22gcid-695d2a27-eb45-426d-9f34-5391514efc0a%22:%91%22button_bg_color%22%93}\u00bb][\/et_pb_button][\/et_pb_column][et_pb_column type=\u00bb1_3&#8243; _builder_version=\u00bb4.17.1&#8243; _module_preset=\u00bbdefault\u00bb global_colors_info=\u00bb{}\u00bb][et_pb_button button_url=\u00bbhttps:\/\/resetcontrol.com\/reset-contabilidad\/\u00bb button_text=\u00bbM\u00e1s informaci\u00f3n\u00bb button_alignment=\u00bbcenter\u00bb _builder_version=\u00bb4.17.1&#8243; _module_preset=\u00bbdefault\u00bb custom_button=\u00bbon\u00bb button_text_color=\u00bb#FFFFFF\u00bb button_bg_color=\u00bbgcid-695d2a27-eb45-426d-9f34-5391514efc0a\u00bb button_border_width=\u00bb0px\u00bb global_colors_info=\u00bb{%22gcid-695d2a27-eb45-426d-9f34-5391514efc0a%22:%91%22button_bg_color%22%93}\u00bb][\/et_pb_button][\/et_pb_column][et_pb_column type=\u00bb1_3&#8243; _builder_version=\u00bb4.17.1&#8243; _module_preset=\u00bbdefault\u00bb global_colors_info=\u00bb{}\u00bb][et_pb_button button_url=\u00bbhttps:\/\/resetcontrol.com\/reset-distribucion\/\u00bb button_text=\u00bbM\u00e1s informaci\u00f3n\u00bb button_alignment=\u00bbcenter\u00bb _builder_version=\u00bb4.17.1&#8243; _module_preset=\u00bbdefault\u00bb custom_button=\u00bbon\u00bb button_text_color=\u00bb#FFFFFF\u00bb button_bg_color=\u00bbgcid-695d2a27-eb45-426d-9f34-5391514efc0a\u00bb button_border_width=\u00bb0px\u00bb global_colors_info=\u00bb{%22gcid-695d2a27-eb45-426d-9f34-5391514efc0a%22:%91%22button_bg_color%22%93}\u00bb][\/et_pb_button][\/et_pb_column][\/et_pb_row][et_pb_row column_structure=\u00bb1_3,1_3,1_3&#8243; disabled_on=\u00bboff|off|on\u00bb _builder_version=\u00bb4.17.1&#8243; _module_preset=\u00bbdefault\u00bb max_width=\u00bb1300px\u00bb global_colors_info=\u00bb{}\u00bb][et_pb_column type=\u00bb1_3&#8243; _builder_version=\u00bb4.17.1&#8243; _module_preset=\u00bbdefault\u00bb global_colors_info=\u00bb{}\u00bb][et_pb_blurb title=\u00bbReset Merca\u00bb image=\u00bbhttps:\/\/resetcontrol.com\/wp-content\/uploads\/2022\/10\/Recurso1.png\u00bb alt=\u00bbIcono de Reset Merca\u00bb image_icon_width=\u00bb130px\u00bb _builder_version=\u00bb4.17.1&#8243; _module_preset=\u00bbdefault\u00bb header_level=\u00bbh3&#8243; header_font=\u00bbPoppins||||||||\u00bb header_text_align=\u00bbcenter\u00bb header_font_size=\u00bb26px\u00bb body_font=\u00bbInter||||||||\u00bb custom_margin=\u00bb0px||||false|false\u00bb custom_padding=\u00bb0px||||false|false\u00bb global_colors_info=\u00bb{%22gcid-695d2a27-eb45-426d-9f34-5391514efc0a%22:%91%22icon_color%22%93}\u00bb][\/et_pb_blurb][et_pb_button button_url=\u00bbhttps:\/\/resetcontrol.com\/reset-merca\/\u00bb button_text=\u00bbM\u00e1s informaci\u00f3n\u00bb button_alignment=\u00bbcenter\u00bb _builder_version=\u00bb4.17.1&#8243; _module_preset=\u00bbdefault\u00bb custom_button=\u00bbon\u00bb button_text_color=\u00bb#FFFFFF\u00bb button_bg_color=\u00bbgcid-695d2a27-eb45-426d-9f34-5391514efc0a\u00bb button_border_width=\u00bb0px\u00bb global_colors_info=\u00bb{%22gcid-695d2a27-eb45-426d-9f34-5391514efc0a%22:%91%22button_bg_color%22%93}\u00bb][\/et_pb_button][\/et_pb_column][et_pb_column type=\u00bb1_3&#8243; _builder_version=\u00bb4.17.1&#8243; _module_preset=\u00bbdefault\u00bb global_colors_info=\u00bb{}\u00bb][et_pb_blurb title=\u00bbReset Contabilidad\u00bb image=\u00bbhttps:\/\/resetcontrol.com\/wp-content\/uploads\/2022\/10\/Recurso2.png\u00bb alt=\u00bbIcono de Reset Contabilidad\u00bb image_icon_width=\u00bb130px\u00bb _builder_version=\u00bb4.17.1&#8243; _module_preset=\u00bbdefault\u00bb header_level=\u00bbh3&#8243; header_font=\u00bbPoppins||||||||\u00bb header_text_align=\u00bbcenter\u00bb header_font_size=\u00bb26px\u00bb body_font=\u00bbInter||||||||\u00bb custom_margin=\u00bb0px||||false|false\u00bb custom_padding=\u00bb0px||||false|false\u00bb global_colors_info=\u00bb{%22gcid-695d2a27-eb45-426d-9f34-5391514efc0a%22:%91%22icon_color%22,%22icon_color%22%93}\u00bb][\/et_pb_blurb][et_pb_button button_url=\u00bbhttps:\/\/resetcontrol.com\/reset-contabilidad\/\u00bb button_text=\u00bbM\u00e1s informaci\u00f3n\u00bb button_alignment=\u00bbcenter\u00bb _builder_version=\u00bb4.17.1&#8243; _module_preset=\u00bbdefault\u00bb custom_button=\u00bbon\u00bb button_text_color=\u00bb#FFFFFF\u00bb button_bg_color=\u00bbgcid-695d2a27-eb45-426d-9f34-5391514efc0a\u00bb button_border_width=\u00bb0px\u00bb global_colors_info=\u00bb{%22gcid-695d2a27-eb45-426d-9f34-5391514efc0a%22:%91%22button_bg_color%22%93}\u00bb][\/et_pb_button][\/et_pb_column][et_pb_column type=\u00bb1_3&#8243; _builder_version=\u00bb4.17.1&#8243; _module_preset=\u00bbdefault\u00bb global_colors_info=\u00bb{}\u00bb][et_pb_blurb title=\u00bbReset Distribuci\u00f3n\u00bb image=\u00bbhttps:\/\/resetcontrol.com\/wp-content\/uploads\/2022\/10\/Recurso3.png\u00bb alt=\u00bbIcono de Reset Distribuci\u00f3n\u00bb image_icon_width=\u00bb130px\u00bb _builder_version=\u00bb4.17.1&#8243; _module_preset=\u00bbdefault\u00bb header_level=\u00bbh3&#8243; header_font=\u00bbPoppins||||||||\u00bb header_text_align=\u00bbcenter\u00bb header_font_size=\u00bb26px\u00bb body_font=\u00bbInter||||||||\u00bb custom_margin=\u00bb0px||||false|false\u00bb custom_padding=\u00bb0px||||false|false\u00bb global_colors_info=\u00bb{%22gcid-695d2a27-eb45-426d-9f34-5391514efc0a%22:%91%22icon_color%22,%22icon_color%22%93}\u00bb][\/et_pb_blurb][et_pb_button button_url=\u00bbhttps:\/\/resetcontrol.com\/reset-distribucion\/\u00bb button_text=\u00bbM\u00e1s informaci\u00f3n\u00bb button_alignment=\u00bbcenter\u00bb _builder_version=\u00bb4.17.1&#8243; _module_preset=\u00bbdefault\u00bb custom_button=\u00bbon\u00bb button_text_color=\u00bb#FFFFFF\u00bb button_bg_color=\u00bbgcid-695d2a27-eb45-426d-9f34-5391514efc0a\u00bb button_border_width=\u00bb0px\u00bb global_colors_info=\u00bb{%22gcid-695d2a27-eb45-426d-9f34-5391514efc0a%22:%91%22button_bg_color%22%93}\u00bb][\/et_pb_button][\/et_pb_column][\/et_pb_row][et_pb_row column_structure=\u00bb1_2,1_2&#8243; custom_padding_last_edited=\u00bboff|phone\u00bb _builder_version=\u00bb4.17.1&#8243; _module_preset=\u00bbdefault\u00bb transform_scale_tablet=\u00bb\u00bb transform_scale_phone=\u00bb\u00bb transform_scale_last_edited=\u00bbon|phone\u00bb transform_translate=\u00bb5vw|0px\u00bb transform_translate_tablet=\u00bb100px|0px\u00bb transform_translate_phone=\u00bb0px|0px\u00bb transform_translate_last_edited=\u00bbon|phone\u00bb transform_translate_linked=\u00bboff\u00bb transform_rotate_tablet=\u00bb\u00bb transform_rotate_phone=\u00bb\u00bb transform_rotate_last_edited=\u00bbon|phone\u00bb transform_skew_tablet=\u00bb\u00bb transform_skew_phone=\u00bb\u00bb transform_skew_last_edited=\u00bbon|phone\u00bb transform_origin_tablet=\u00bb\u00bb transform_origin_phone=\u00bb\u00bb transform_origin_last_edited=\u00bbon|phone\u00bb transform_styles_last_edited=\u00bbon|phone\u00bb max_width=\u00bb1300px\u00bb custom_padding=\u00bb75px||||false|false\u00bb custom_padding_phone=\u00bb0px||||false|false\u00bb transform_styles_tablet=\u00bb\u00bb transform_styles_phone=\u00bb\u00bb global_colors_info=\u00bb{}\u00bb][et_pb_column type=\u00bb1_2&#8243; _builder_version=\u00bb4.17.1&#8243; _module_preset=\u00bbdefault\u00bb global_colors_info=\u00bb{}\u00bb][et_pb_text _builder_version=\u00bb4.17.1&#8243; _module_preset=\u00bbdefault\u00bb header_2_font=\u00bbPoppins||||||||\u00bb header_2_text_align=\u00bbleft\u00bb header_2_font_size=\u00bb20px\u00bb custom_margin=\u00bb||0px||false|false\u00bb global_colors_info=\u00bb{}\u00bb]<\/p>\n<h2 class=\"box-header\">Ressaltem alguns dels nostres m\u00f2duls de gesti\u00f3<\/h2>\n<p>[\/et_pb_text][et_pb_divider color=\u00bbgcid-695d2a27-eb45-426d-9f34-5391514efc0a\u00bb divider_position=\u00bbcenter\u00bb divider_weight=\u00bb3px\u00bb _builder_version=\u00bb4.17.1&#8243; _module_preset=\u00bbdefault\u00bb width=\u00bb30%\u00bb global_colors_info=\u00bb{%22gcid-695d2a27-eb45-426d-9f34-5391514efc0a%22:%91%22color%22%93}\u00bb][\/et_pb_divider][et_pb_text _builder_version=\u00bb4.17.1&#8243; _module_preset=\u00bbdefault\u00bb text_font=\u00bbInter||||||||\u00bb global_colors_info=\u00bb{}\u00bb]<\/p>\n<ul>\n<li>Control gr\u00e0fic de Direcci\u00f3 d'Empresa<\/li>\n<li>Terminals sense fil per a punts de Venda<\/li>\n<li>Control de Tra\u00e7abilitat autom\u00e0tic<\/li>\n<li>Gesti\u00f3 de Terminals T\u00e0ctils per a preparadors<\/li>\n<li>Etiquetatge i control mitjan\u00e7ant Codis de Barres<\/li>\n<li>Rendibilitat i efici\u00e8ncia per qualsevol variable: producte, prove\u00efdor, etc.<\/li>\n<li>Compres, vendes, facturaci\u00f3, caixa, pagaments i liquidacions a prove\u00efdors<\/li>\n<li>Control de cr\u00e8dit, \u201cstop\u201d vendes \u201con line\u201d<\/li>\n<li>Gesti\u00f3 comptable autom\u00e0tica<\/li>\n<li>Control de freq\u00fc\u00e8ncia en compres de clients, etc.<\/li>\n<\/ul>\n<p>[\/et_pb_text][\/et_pb_column][et_pb_column type=&quot;1_2&quot; _builder_version=&quot;4.17.1&quot; _module_preset=&quot;default&quot; global_colors_info=&quot;{}&quot;][et_pb_text _builder_version=&quot;4.17.1&quot; \u00bbPoppins||||||||\u00bb header_2_text_align=\u00bbleft\u00bb header_2_font_size=\u00bb20px\u00bb custom_margin=\u00bb||0px||false|false\u00bb global_colors_info=\u00bb{}\u00bb]<\/p>\n<h2 class=\"box-header\">Disposem de versions espec\u00edfiques per a:<\/h2>\n<p>[\/et_pb_text][et_pb_divider color=\u00bbgcid-695d2a27-eb45-426d-9f34-5391514efc0a\u00bb divider_position=\u00bbcenter\u00bb divider_weight=\u00bb3px\u00bb _builder_version=\u00bb4.17.1&#8243; _module_preset=\u00bbdefault\u00bb width=\u00bb30%\u00bb global_colors_info=\u00bb{%22gcid-695d2a27-eb45-426d-9f34-5391514efc0a%22:%91%22color%22%93}\u00bb][\/et_pb_divider][et_pb_text _builder_version=\u00bb4.17.1&#8243; _module_preset=\u00bbdefault\u00bb text_font=\u00bbInter||||||||\u00bb global_colors_info=\u00bb{}\u00bb]<\/p>\n<ul>\n<li><span>Mercats Centrals de Fruita i Verdura<\/span><\/li>\n<li><span>Mercats Centrals de Flor i Planta Ornamental<\/span><\/li>\n<li><span>Majoristes de Peribles<\/span><\/li>\n<li><span>Emmagatzemistes i Transformadors de c\u00edtrics, patates, melons, etc.<\/span><\/li>\n<li><span>Distribuci\u00f3<\/span><\/li>\n<li><span>Detallistes de Peribles<\/span><\/li>\n<li><span>Amb un ajustament \u00f2ptim a les necessitats de cada client.<\/span><\/li>\n<\/ul>\n<p>[\/et_pb_text][\/et_pb_column][\/et_pb_row][\/et_pb_section]<\/p>","protected":false},"excerpt":{"rendered":"<p>Programari Control comptable i empresarialProductesRessaltem alguns dels nostres m\u00f2duls de gesti\u00f3 Control gr\u00e0fic de Direcci\u00f3 d&#039;Empresa Terminals sense fil per a punts de Venda Control de Tra\u00e7abilitat autom\u00e0tic Gesti\u00f3 de Terminals T\u00e0ctils per a preparadors Etiquetatge i control mitjan\u00e7ant Codis de Barres Rendibilitat i efici\u00e8ncia per qualsevol variable: producte, prove\u00efdor , etc. Compres, vendes, facturaci\u00f3, caixa, pagaments i [\u2026]<\/p>","protected":false},"author":1,"featured_media":0,"parent":0,"menu_order":0,"comment_status":"closed","ping_status":"open","template":"","meta":{"_et_pb_use_builder":"on","_et_pb_old_content":"","_et_gb_content_width":"","footnotes":""},"class_list":["post-132","page","type-page","status-publish","hentry"],"yoast_head":"<!-- This site is optimized with the Yoast SEO plugin v23.9 - https:\/\/yoast.com\/wordpress\/plugins\/seo\/ -->\n<title>Software - Reset Control<\/title>\n<meta name=\"description\" content=\"Resetmerca, Resetconta y Resetdis permiten la gesti\u00f3n, el control contable y empresarial de cualquier actividad en mercados mayoristas\" \/>\n<meta name=\"robots\" content=\"index, follow, max-snippet:-1, max-image-preview:large, max-video-preview:-1\" \/>\n<link rel=\"canonical\" href=\"https:\/\/resetcontrol.com\/cat\/programari\/\" \/>\n<meta property=\"og:locale\" content=\"ca_ES\" \/>\n<meta property=\"og:type\" content=\"article\" \/>\n<meta property=\"og:title\" content=\"Software - Reset Control\" \/>\n<meta property=\"og:description\" content=\"Resetmerca, Resetconta y Resetdis permiten la gesti\u00f3n, el control contable y empresarial de cualquier actividad en mercados mayoristas\" \/>\n<meta property=\"og:url\" content=\"https:\/\/resetcontrol.com\/cat\/programari\/\" \/>\n<meta property=\"og:site_name\" content=\"Reset Control\" \/>\n<meta property=\"article:publisher\" content=\"https:\/\/www.facebook.com\/profile.php?id=61552808401220\" \/>\n<meta property=\"article:modified_time\" content=\"2023-04-17T07:51:07+00:00\" \/>\n<meta name=\"twitter:card\" content=\"summary_large_image\" \/>\n<meta name=\"twitter:site\" content=\"@ResetControl\" \/>\n<meta name=\"twitter:label1\" content=\"Temps estimat de lectura\" \/>\n\t<meta name=\"twitter:data1\" content=\"3 minuts\" \/>\n<script type=\"application\/ld+json\" class=\"yoast-schema-graph\">{\"@context\":\"https:\/\/schema.org\",\"@graph\":[{\"@type\":\"WebPage\",\"@id\":\"https:\/\/resetcontrol.com\/software\/\",\"url\":\"https:\/\/resetcontrol.com\/software\/\",\"name\":\"Software - Reset Control\",\"isPartOf\":{\"@id\":\"https:\/\/resetcontrol.com\/#website\"},\"datePublished\":\"2022-10-21T08:20:48+00:00\",\"dateModified\":\"2023-04-17T07:51:07+00:00\",\"description\":\"Resetmerca, Resetconta y Resetdis permiten la gesti\u00f3n, el control contable y empresarial de cualquier actividad en mercados mayoristas\",\"breadcrumb\":{\"@id\":\"https:\/\/resetcontrol.com\/software\/#breadcrumb\"},\"inLanguage\":\"ca\",\"potentialAction\":[{\"@type\":\"ReadAction\",\"target\":[\"https:\/\/resetcontrol.com\/software\/\"]}]},{\"@type\":\"BreadcrumbList\",\"@id\":\"https:\/\/resetcontrol.com\/software\/#breadcrumb\",\"itemListElement\":[{\"@type\":\"ListItem\",\"position\":1,\"name\":\"Inici\",\"item\":\"https:\/\/resetcontrol.com\/\"},{\"@type\":\"ListItem\",\"position\":2,\"name\":\"Software\"}]},{\"@type\":\"WebSite\",\"@id\":\"https:\/\/resetcontrol.com\/#website\",\"url\":\"https:\/\/resetcontrol.com\/\",\"name\":\"Reset Control\",\"description\":\"35 a\u00f1os trabajando en programas inform\u00e1ticos de gesti\u00f3n\",\"publisher\":{\"@id\":\"https:\/\/resetcontrol.com\/#organization\"},\"inLanguage\":\"ca\"},{\"@type\":\"Organization\",\"@id\":\"https:\/\/resetcontrol.com\/#organization\",\"name\":\"Reset Control\",\"url\":\"https:\/\/resetcontrol.com\/\",\"logo\":{\"@type\":\"ImageObject\",\"inLanguage\":\"ca\",\"@id\":\"https:\/\/resetcontrol.com\/#\/schema\/logo\/image\/\",\"url\":\"https:\/\/resetcontrol.com\/wp-content\/uploads\/2024\/05\/LOGO-NUEVO2.png\",\"contentUrl\":\"https:\/\/resetcontrol.com\/wp-content\/uploads\/2024\/05\/LOGO-NUEVO2.png\",\"width\":1838,\"height\":1838,\"caption\":\"Reset Control\"},\"image\":{\"@id\":\"https:\/\/resetcontrol.com\/#\/schema\/logo\/image\/\"},\"sameAs\":[\"https:\/\/www.facebook.com\/profile.php?id=61552808401220\",\"https:\/\/x.com\/ResetControl\",\"https:\/\/www.instagram.com\/resetcontrol_sa\",\"https:\/\/es.linkedin.com\/in\/reset-control-s-a-control-9a5bbba8\"]}]}<\/script>\n<!-- \/ Yoast SEO plugin. -->","yoast_head_json":{"title":"Software - Reset Control","description":"Resetmerca, Resetconta y Resetdis permiten la gesti\u00f3n, el control contable y empresarial de cualquier actividad en mercados mayoristas","robots":{"index":"index","follow":"follow","max-snippet":"max-snippet:-1","max-image-preview":"max-image-preview:large","max-video-preview":"max-video-preview:-1"},"canonical":"https:\/\/resetcontrol.com\/cat\/programari\/","og_locale":"ca_ES","og_type":"article","og_title":"Software - Reset Control","og_description":"Resetmerca, Resetconta y Resetdis permiten la gesti\u00f3n, el control contable y empresarial de cualquier actividad en mercados mayoristas","og_url":"https:\/\/resetcontrol.com\/cat\/programari\/","og_site_name":"Reset Control","article_publisher":"https:\/\/www.facebook.com\/profile.php?id=61552808401220","article_modified_time":"2023-04-17T07:51:07+00:00","twitter_card":"summary_large_image","twitter_site":"@ResetControl","twitter_misc":{"Temps estimat de lectura":"3 minuts"},"schema":{"@context":"https:\/\/schema.org","@graph":[{"@type":"WebPage","@id":"https:\/\/resetcontrol.com\/software\/","url":"https:\/\/resetcontrol.com\/software\/","name":"Software - Reset Control","isPartOf":{"@id":"https:\/\/resetcontrol.com\/#website"},"datePublished":"2022-10-21T08:20:48+00:00","dateModified":"2023-04-17T07:51:07+00:00","description":"Resetmerca, Resetconta y Resetdis permiten la gesti\u00f3n, el control contable y empresarial de cualquier actividad en mercados mayoristas","breadcrumb":{"@id":"https:\/\/resetcontrol.com\/software\/#breadcrumb"},"inLanguage":"ca","potentialAction":[{"@type":"ReadAction","target":["https:\/\/resetcontrol.com\/software\/"]}]},{"@type":"BreadcrumbList","@id":"https:\/\/resetcontrol.com\/software\/#breadcrumb","itemListElement":[{"@type":"ListItem","position":1,"name":"Inici","item":"https:\/\/resetcontrol.com\/"},{"@type":"ListItem","position":2,"name":"Software"}]},{"@type":"WebSite","@id":"https:\/\/resetcontrol.com\/#website","url":"https:\/\/resetcontrol.com\/","name":"Reset Control","description":"35 a\u00f1os trabajando en programas inform\u00e1ticos de gesti\u00f3n","publisher":{"@id":"https:\/\/resetcontrol.com\/#organization"},"inLanguage":"ca"},{"@type":"Organization","@id":"https:\/\/resetcontrol.com\/#organization","name":"Reset Control","url":"https:\/\/resetcontrol.com\/","logo":{"@type":"ImageObject","inLanguage":"ca","@id":"https:\/\/resetcontrol.com\/#\/schema\/logo\/image\/","url":"https:\/\/resetcontrol.com\/wp-content\/uploads\/2024\/05\/LOGO-NUEVO2.png","contentUrl":"https:\/\/resetcontrol.com\/wp-content\/uploads\/2024\/05\/LOGO-NUEVO2.png","width":1838,"height":1838,"caption":"Reset Control"},"image":{"@id":"https:\/\/resetcontrol.com\/#\/schema\/logo\/image\/"},"sameAs":["https:\/\/www.facebook.com\/profile.php?id=61552808401220","https:\/\/x.com\/ResetControl","https:\/\/www.instagram.com\/resetcontrol_sa","https:\/\/es.linkedin.com\/in\/reset-control-s-a-control-9a5bbba8"]}]}},"_links":{"self":[{"href":"https:\/\/resetcontrol.com\/cat\/wp-json\/wp\/v2\/pages\/132","targetHints":{"allow":["GET"]}}],"collection":[{"href":"https:\/\/resetcontrol.com\/cat\/wp-json\/wp\/v2\/pages"}],"about":[{"href":"https:\/\/resetcontrol.com\/cat\/wp-json\/wp\/v2\/types\/page"}],"author":[{"embeddable":true,"href":"https:\/\/resetcontrol.com\/cat\/wp-json\/wp\/v2\/users\/1"}],"replies":[{"embeddable":true,"href":"https:\/\/resetcontrol.com\/cat\/wp-json\/wp\/v2\/comments?post=132"}],"version-history":[{"count":60,"href":"https:\/\/resetcontrol.com\/cat\/wp-json\/wp\/v2\/pages\/132\/revisions"}],"predecessor-version":[{"id":991,"href":"https:\/\/resetcontrol.com\/cat\/wp-json\/wp\/v2\/pages\/132\/revisions\/991"}],"wp:attachment":[{"href":"https:\/\/resetcontrol.com\/cat\/wp-json\/wp\/v2\/media?parent=132"}],"curies":[{"name":"wp","href":"https:\/\/api.w.org\/{rel}","templated":true}]}}