{"id":114,"date":"2022-10-21T07:53:34","date_gmt":"2022-10-21T07:53:34","guid":{"rendered":"https:\/\/resetcontrol.com\/?page_id=114"},"modified":"2023-10-27T07:29:01","modified_gmt":"2023-10-27T07:29:01","slug":"politica-de-privacidad","status":"publish","type":"page","link":"https:\/\/resetcontrol.com\/cat\/politica-de-privacitat\/","title":{"rendered":"Pol\u00edtica de privacitat"},"content":{"rendered":"<h2 class=\"wp-block-heading\">Responsable del tractament de les dades<\/h2>\n\n\n\n<p>El responsable del tractament de dades personals recollides al web de Reset Control S.A. \u00e9s:<\/p>\n\n\n\n<p>EMPRESA: Reset Control S.A.<\/p>\n\n\n\n<p>CIF: A58209669<\/p>\n\n\n\n<p>REGISTRE MERCANTIL: Bolet\u00edn 91, Referencia 230796<\/p>\n\n\n\n<p>DOMICILI: Longitudinal 6 \u2013 Edifici Oficines \u2013 Baixos, Mercabarna, 08040 Barcelona<\/p>\n\n\n\n<p>TEL\u00c8FON: +34 93 262 66 70<\/p>\n\n\n\n<p>EMAIL: control@resetcontrol.com<\/p>\n\n\n\n<p>DOMINI: resetcontrol.com<\/p>\n\n\n\n<h2 class=\"wp-block-heading\">Finalitat del tractament de les dades<\/h2>\n\n\n\n<p>La finalitat de la recollida de dades \u00e9s la de mantenir un contacte directe i personalitzat amb els nostres Usuaris. D'aquesta manera, farem servir les seves dades per a atendre els dubtes o la informaci\u00f3 que ens hagi requerit, gestionar les seves sol\u00b7licituds i garantir-li una experi\u00e8ncia que respecti els m\u00e0xims est\u00e0ndards.<\/p>\n\n\n\n<p>L'e-mail des del qual ens escrigui al nostre correu, l'utilitzarem per remetre-li informaci\u00f3 relacionada amb els dubtes o inquietuds que ens hagi plantejat o per a fer els tr\u00e0mits o ajudar-lo amb els tr\u00e0mits que necessiti.<\/p>\n\n\n\n<p>En cap cas rebr\u00e0 informaci\u00f3 de tercers sense haver-li informat i sol\u00b7licitat el seu consentiment expr\u00e9s pr\u00e8viament, vetllant d'aquesta manera per complir amb els par\u00e0metres de la normativa europea; ni es realitzar\u00e0 cap tipus de transfer\u00e8ncia internacional que tingui com a objecte les seves dades de car\u00e0cter personal.<\/p>\n\n\n\n<h2 class=\"wp-block-heading\">Qualitat de les dades<\/h2>\n\n\n\n<p>El document aqu\u00ed mostrat i tota la informaci\u00f3 escrita compleix amb l\u2019article 4.3 de la LOPD. L\u2019ultima modificaci\u00f3 d\u2019aquest article es va realitzar el 19\/10\/2022.<\/p>\n\n\n\n<h2 class=\"wp-block-heading\">Termini de conservaci\u00f3 de les dades<\/h2>\n\n\n\n<p>Les dades personals proporcionades es conservaran fins que no se sol\u00b7liciti la seva suspensi\u00f3 per part de l\u2019interessat, exercint els seus drets sobre les dades, i en qualsevol cas en compliment de terminis legals de prescripci\u00f3 que li siguin aplicables.<\/p>\n\n\n\n<h2 class=\"wp-block-heading\">Cessions i transfer\u00e8ncies internacionals de dades<\/h2>\n\n\n\n<p>No es comunicaran ni cediran les dades a cap destinatari.<\/p>\n\n\n\n<h2 class=\"wp-block-heading\">Cookies<\/h2>\n\n\n\n<p>Una galeta (cookie) \u00e9s un fitxer que es descarrega en un ordinador en accedir a determinats llocs web. Les galetes permeten a un lloc web, entre altres coses, emmagatzemar i recuperar informaci\u00f3 sobre els h\u00e0bits de navegaci\u00f3 d\u2019un usuari o del seu equip i, depenent de la informaci\u00f3 que continguin i de la manera com utilitzi el seu equip, poden permetre recon\u00e8ixer l\u2019usuari. Les galetes s\u2019associen \u00fanicament a un usuari an\u00f2nim i el seu ordinador o dispositiu, i no proporcionen refer\u00e8ncies que permetin identificar-ne les dades personals.<\/p>\n\n\n\n<p>El portal de resetcontrol.com utilitza galetes dels tipus seg\u00fcents:<\/p>\n\n\n\n<ul class=\"wp-block-list\">\n<li>Galetes t\u00e8cniques. S\u00f3n necess\u00e0ries per a l\u2019\u00fas del web.<\/li>\n\n\n\n<li>Galetes de personalitzaci\u00f3. Permeten a l\u2019usuari accedir al servei amb caracter\u00edstiques predefinides, com per exemple l\u2019idioma, el navegador, la configuraci\u00f3 regional, etc.<\/li>\n\n\n\n<li>Galetes d\u2019an\u00e0lisi. Recullen informaci\u00f3 de l\u2019\u00fas que es fa del web.<\/li>\n<\/ul>\n\n\n\n<p>Les galetes anal\u00edtiques de tercers que Reset Control S.A. utilitza al seu portal s\u00f3n les de Google Analytics: galetes anal\u00edtiques que recullen informaci\u00f3 del tr\u00e0nsit i el comportament dels usuaris al web de manera an\u00f2nima.<\/p>\n\n\n\n<p>L\u2019\u00fas de les galetes de tercers \u00e9s subjecte a les pol\u00edtiques de privacitat pr\u00f2pies d\u2019aquests tercers.<\/p>\n\n\n\n<p>La instal\u00b7laci\u00f3 de galetes es fa sempre que l\u2019usuari en doni l\u2019autoritzaci\u00f3 al seu navegador. L\u2019usuari sempre pot, si ho considera convenient, activar les opcions del navegador per a refusar la instal\u00b7laci\u00f3 de galetes.<\/p>\n\n\n\n<h2 class=\"wp-block-heading\">Drets de l\u2019usuari<\/h2>\n\n\n\n<p>L\u2019usuari t\u00e9 els seg\u00fcents drets sobre les seves dades:<\/p>\n\n\n\n<p><strong>Acc\u00e9s:<\/strong> Permet a l'usuari que pugui sol\u00b7licitar informaci\u00f3 al responsable d'un fitxer sobre si les dades estan sent tractades.<\/p>\n\n\n\n<p><strong>Rectificaci\u00f3:<\/strong> Permet a l'usuari afectat sol\u00b7licitar la modificaci\u00f3 de dades que siguin inexactes o incomplets.<\/p>\n\n\n\n<p><strong>Cancel\u00b7laci\u00f3:<\/strong> L'usuari afectat pot sol\u00b7licitar la supressi\u00f3 de les dades que resultin inadequades o excessives, sens perjudici del deure de bloqueig.<\/p>\n\n\n\n<p><strong>Oposici\u00f3:<\/strong> es tracta del dret d'un usuari a oposar-se al tractament de les seves dades personals.<\/p>\n\n\n\n<p><strong>Portabilitat:<\/strong> Podr\u00e0 rebre les seves dades personals facilitades en un format estructurat, d'\u00fas com\u00fa i lectura mec\u00e0nica i poder transmetre, a un altre responsable, sempre que sigui t\u00e8cnicament possible.<\/p>\n\n\n\n<p><strong>Oblit:<\/strong> L\u2019usuari podr\u00e0 sol\u00b7licitar la supressi\u00f3 de les dades personals sense dilaci\u00f3 deguda quan es doni algun dels sup\u00f2sits contemplats. Per exemple, tractament il\u00b7l\u00edcit de dades o quan hagi desaparegut la finalitat que va motivar el tractament o recollida.<\/p>\n\n\n\n<p><strong>Limitaci\u00f3 en el tractament:<\/strong> En general, en els casos en qu\u00e8 no quedi clar si les dades personals s\u2019ha d\u2019esborrar, pot exercir el seu dret a limitar el tractament. Aquest dret existeix als casos seg\u00fcents: (i) quan l\u2019exactitud de les dades de qu\u00e8 es tracti estigui en dubte; (ii) quan no es vol que s\u2019esborrin les dades; (iii) quan les dades ja no siguin necess\u00e0ries per a la finalitat original, per\u00f2 se\u2019n poden derivar actuacions jur\u00eddiques; (iv) quan la decisi\u00f3 de la seva objecci\u00f3 al tractament estigui pendent.<\/p>\n\n\n\n<p>Per exercir els vostres drets, l&#039;usuari podeu posar-vos en contacte amb control@resetcontrol.com o per correu escrit a Longitudinal 6 \u2013 Edifici Oficines \u2013 Baixos, Mercabarna, 08040 Barcelona<\/p>","protected":false},"excerpt":{"rendered":"<p>Responsable del tractament de les dades El responsable del tractament de dades personals recollides a la web de Reset Control SA \u00e9s: EMPRESA: Reset Control SA CIF: A58209669 REGISTRE MERCANTIL: Butllet\u00ed 91, Refer\u00e8ncia 230796 DOMICILI: Longitudinal 6 \u2013 Edifici Oficines \u2013 Baixos, Mercat , 08040 Barcelona TEL\u00c8FON: +34 93 262 66 70 EMAIL: control@resetcontrol.com DOMINI: resetcontrol.com [\u2026]<\/p>","protected":false},"author":1,"featured_media":0,"parent":0,"menu_order":0,"comment_status":"closed","ping_status":"open","template":"","meta":{"_et_pb_use_builder":"off","_et_pb_old_content":"","_et_gb_content_width":"1080","footnotes":""},"class_list":["post-114","page","type-page","status-publish","hentry"],"yoast_head":"<!-- This site is optimized with the Yoast SEO plugin v23.9 - https:\/\/yoast.com\/wordpress\/plugins\/seo\/ -->\n<title>Pol\u00edtica de privacidad - Reset Control<\/title>\n<meta name=\"robots\" content=\"noindex, follow\" \/>\n<meta property=\"og:locale\" content=\"ca_ES\" \/>\n<meta property=\"og:type\" content=\"article\" \/>\n<meta property=\"og:title\" content=\"Pol\u00edtica de privacidad - Reset Control\" \/>\n<meta property=\"og:description\" content=\"Responsable del tratamiento de los datos El responsable del tratamiento de datos personales recogidos en la web de Reset Control S.A. es: EMPRESA: Reset Control S.A. CIF: A58209669 REGISTRO MERCANTIL: Bolet\u00edn 91, Referencia 230796 DOMICILIO: Longitudinal 6 \u2013 Edificio Oficinas \u2013 Bajos, Mercabarna, 08040 Barcelona TEL\u00c9FONO: +34 93 262 66 70 EMAIL: control@resetcontrol.com DOMINIO: resetcontrol.com [&hellip;]\" \/>\n<meta property=\"og:url\" content=\"https:\/\/resetcontrol.com\/cat\/politica-de-privacitat\/\" \/>\n<meta property=\"og:site_name\" content=\"Reset Control\" \/>\n<meta property=\"article:publisher\" content=\"https:\/\/www.facebook.com\/profile.php?id=61552808401220\" \/>\n<meta property=\"article:modified_time\" content=\"2023-10-27T07:29:01+00:00\" \/>\n<meta name=\"twitter:card\" content=\"summary_large_image\" \/>\n<meta name=\"twitter:site\" content=\"@ResetControl\" \/>\n<meta name=\"twitter:label1\" content=\"Temps estimat de lectura\" \/>\n\t<meta name=\"twitter:data1\" content=\"4 minuts\" \/>\n<script type=\"application\/ld+json\" class=\"yoast-schema-graph\">{\"@context\":\"https:\/\/schema.org\",\"@graph\":[{\"@type\":\"WebPage\",\"@id\":\"https:\/\/resetcontrol.com\/politica-de-privacidad\/\",\"url\":\"https:\/\/resetcontrol.com\/politica-de-privacidad\/\",\"name\":\"Pol\u00edtica de privacidad - Reset Control\",\"isPartOf\":{\"@id\":\"https:\/\/resetcontrol.com\/#website\"},\"datePublished\":\"2022-10-21T07:53:34+00:00\",\"dateModified\":\"2023-10-27T07:29:01+00:00\",\"breadcrumb\":{\"@id\":\"https:\/\/resetcontrol.com\/politica-de-privacidad\/#breadcrumb\"},\"inLanguage\":\"ca\",\"potentialAction\":[{\"@type\":\"ReadAction\",\"target\":[\"https:\/\/resetcontrol.com\/politica-de-privacidad\/\"]}]},{\"@type\":\"BreadcrumbList\",\"@id\":\"https:\/\/resetcontrol.com\/politica-de-privacidad\/#breadcrumb\",\"itemListElement\":[{\"@type\":\"ListItem\",\"position\":1,\"name\":\"Inici\",\"item\":\"https:\/\/resetcontrol.com\/\"},{\"@type\":\"ListItem\",\"position\":2,\"name\":\"Pol\u00edtica de privacidad\"}]},{\"@type\":\"WebSite\",\"@id\":\"https:\/\/resetcontrol.com\/#website\",\"url\":\"https:\/\/resetcontrol.com\/\",\"name\":\"Reset Control\",\"description\":\"35 a\u00f1os trabajando en programas inform\u00e1ticos de gesti\u00f3n\",\"publisher\":{\"@id\":\"https:\/\/resetcontrol.com\/#organization\"},\"inLanguage\":\"ca\"},{\"@type\":\"Organization\",\"@id\":\"https:\/\/resetcontrol.com\/#organization\",\"name\":\"Reset Control\",\"url\":\"https:\/\/resetcontrol.com\/\",\"logo\":{\"@type\":\"ImageObject\",\"inLanguage\":\"ca\",\"@id\":\"https:\/\/resetcontrol.com\/#\/schema\/logo\/image\/\",\"url\":\"https:\/\/resetcontrol.com\/wp-content\/uploads\/2024\/05\/LOGO-NUEVO2.png\",\"contentUrl\":\"https:\/\/resetcontrol.com\/wp-content\/uploads\/2024\/05\/LOGO-NUEVO2.png\",\"width\":1838,\"height\":1838,\"caption\":\"Reset Control\"},\"image\":{\"@id\":\"https:\/\/resetcontrol.com\/#\/schema\/logo\/image\/\"},\"sameAs\":[\"https:\/\/www.facebook.com\/profile.php?id=61552808401220\",\"https:\/\/x.com\/ResetControl\",\"https:\/\/www.instagram.com\/resetcontrol_sa\",\"https:\/\/es.linkedin.com\/in\/reset-control-s-a-control-9a5bbba8\"]}]}<\/script>\n<!-- \/ Yoast SEO plugin. -->","yoast_head_json":{"title":"Pol\u00edtica de privacidad - Reset Control","robots":{"index":"noindex","follow":"follow"},"og_locale":"ca_ES","og_type":"article","og_title":"Pol\u00edtica de privacidad - Reset Control","og_description":"Responsable del tratamiento de los datos El responsable del tratamiento de datos personales recogidos en la web de Reset Control S.A. es: EMPRESA: Reset Control S.A. CIF: A58209669 REGISTRO MERCANTIL: Bolet\u00edn 91, Referencia 230796 DOMICILIO: Longitudinal 6 \u2013 Edificio Oficinas \u2013 Bajos, Mercabarna, 08040 Barcelona TEL\u00c9FONO: +34 93 262 66 70 EMAIL: control@resetcontrol.com DOMINIO: resetcontrol.com [&hellip;]","og_url":"https:\/\/resetcontrol.com\/cat\/politica-de-privacitat\/","og_site_name":"Reset Control","article_publisher":"https:\/\/www.facebook.com\/profile.php?id=61552808401220","article_modified_time":"2023-10-27T07:29:01+00:00","twitter_card":"summary_large_image","twitter_site":"@ResetControl","twitter_misc":{"Temps estimat de lectura":"4 minuts"},"schema":{"@context":"https:\/\/schema.org","@graph":[{"@type":"WebPage","@id":"https:\/\/resetcontrol.com\/politica-de-privacidad\/","url":"https:\/\/resetcontrol.com\/politica-de-privacidad\/","name":"Pol\u00edtica de privacidad - Reset Control","isPartOf":{"@id":"https:\/\/resetcontrol.com\/#website"},"datePublished":"2022-10-21T07:53:34+00:00","dateModified":"2023-10-27T07:29:01+00:00","breadcrumb":{"@id":"https:\/\/resetcontrol.com\/politica-de-privacidad\/#breadcrumb"},"inLanguage":"ca","potentialAction":[{"@type":"ReadAction","target":["https:\/\/resetcontrol.com\/politica-de-privacidad\/"]}]},{"@type":"BreadcrumbList","@id":"https:\/\/resetcontrol.com\/politica-de-privacidad\/#breadcrumb","itemListElement":[{"@type":"ListItem","position":1,"name":"Inici","item":"https:\/\/resetcontrol.com\/"},{"@type":"ListItem","position":2,"name":"Pol\u00edtica de privacidad"}]},{"@type":"WebSite","@id":"https:\/\/resetcontrol.com\/#website","url":"https:\/\/resetcontrol.com\/","name":"Reset Control","description":"35 a\u00f1os trabajando en programas inform\u00e1ticos de gesti\u00f3n","publisher":{"@id":"https:\/\/resetcontrol.com\/#organization"},"inLanguage":"ca"},{"@type":"Organization","@id":"https:\/\/resetcontrol.com\/#organization","name":"Reset Control","url":"https:\/\/resetcontrol.com\/","logo":{"@type":"ImageObject","inLanguage":"ca","@id":"https:\/\/resetcontrol.com\/#\/schema\/logo\/image\/","url":"https:\/\/resetcontrol.com\/wp-content\/uploads\/2024\/05\/LOGO-NUEVO2.png","contentUrl":"https:\/\/resetcontrol.com\/wp-content\/uploads\/2024\/05\/LOGO-NUEVO2.png","width":1838,"height":1838,"caption":"Reset Control"},"image":{"@id":"https:\/\/resetcontrol.com\/#\/schema\/logo\/image\/"},"sameAs":["https:\/\/www.facebook.com\/profile.php?id=61552808401220","https:\/\/x.com\/ResetControl","https:\/\/www.instagram.com\/resetcontrol_sa","https:\/\/es.linkedin.com\/in\/reset-control-s-a-control-9a5bbba8"]}]}},"_links":{"self":[{"href":"https:\/\/resetcontrol.com\/cat\/wp-json\/wp\/v2\/pages\/114","targetHints":{"allow":["GET"]}}],"collection":[{"href":"https:\/\/resetcontrol.com\/cat\/wp-json\/wp\/v2\/pages"}],"about":[{"href":"https:\/\/resetcontrol.com\/cat\/wp-json\/wp\/v2\/types\/page"}],"author":[{"embeddable":true,"href":"https:\/\/resetcontrol.com\/cat\/wp-json\/wp\/v2\/users\/1"}],"replies":[{"embeddable":true,"href":"https:\/\/resetcontrol.com\/cat\/wp-json\/wp\/v2\/comments?post=114"}],"version-history":[{"count":6,"href":"https:\/\/resetcontrol.com\/cat\/wp-json\/wp\/v2\/pages\/114\/revisions"}],"predecessor-version":[{"id":1227,"href":"https:\/\/resetcontrol.com\/cat\/wp-json\/wp\/v2\/pages\/114\/revisions\/1227"}],"wp:attachment":[{"href":"https:\/\/resetcontrol.com\/cat\/wp-json\/wp\/v2\/media?parent=114"}],"curies":[{"name":"wp","href":"https:\/\/api.w.org\/{rel}","templated":true}]}}