{"id":112,"date":"2022-10-21T07:53:04","date_gmt":"2022-10-21T07:53:04","guid":{"rendered":"https:\/\/resetcontrol.com\/?page_id=112"},"modified":"2023-10-27T07:29:56","modified_gmt":"2023-10-27T07:29:56","slug":"aviso-legal","status":"publish","type":"page","link":"https:\/\/resetcontrol.com\/cat\/avis-legal\/","title":{"rendered":"Av\u00eds legal"},"content":{"rendered":"<p>El present Av\u00eds Legal regula l\u2019acc\u00e9s per part de l\u2019usuari del lloc web (en endavant, el \u2018Usuari\u2019) als continguts proporcionats per XXXXXXX, ara en endavant com a Reset Control S.A.. La simple utilitzaci\u00f3 de la informaci\u00f3 continguda en aquesta p\u00e0gina web implica la total acceptaci\u00f3 de l\u2019Av\u00eds Legal, i per aix\u00f2 li recomanem que accedeixi a ell cada vegada que torni a aquest lloc web, donada la seva constant actualitzaci\u00f3.<\/p>\n\n\n\n<h2 class=\"wp-block-heading\">Dades Identificatives<\/h2>\n\n\n\n<p>En compliment de les obligacions establertes a la LSSI, es posa en coneixement que el domini  resetcontrol.com \u00e9s propietat de XXXXXXX en nom comercial, Reset Control S.A.:<\/p>\n\n\n\n<p>Empresa: Reset Control S.A.<\/p>\n\n\n\n<p>NIF: A58209669<\/p>\n\n\n\n<p>Adre\u00e7a: Longitudinal 6 \u2013 Edifici Oficines \u2013 Baixos, Mercabarna, 08040 Barcelona<\/p>\n\n\n\n<p>Tel\u00e8fon: +34 93 262 66 70<\/p>\n\n\n\n<p>E-mail: control@resetcontrol.com<\/p>\n\n\n\n<h2 class=\"wp-block-heading\">Condicions Generals d\u2019\u00fas del lloc web<\/h2>\n\n\n\n<p>Com a norma general, l\u2019usuari assumeix l\u2019obligaci\u00f3 de fer \u00fas del portal d\u2019acord amb el que estipula la legislaci\u00f3 vigent, a la bona fe i als usos i costums generalment admesos. Aix\u00ed mateix, l\u2019usuari s\u2019obliga a no utilitzar els serveis del lloc web per a la realitzaci\u00f3 d\u2019activitats il\u00b7l\u00edcites o constitutives de delicte i \/ o que infringeixin la propietat intel\u00b7lectual o industrial, o qualsevol altra norma de l\u2019ordenament jur\u00eddic.<\/p>\n\n\n\n<p>Els continguts del lloc web (https:\/\/resetcontrol.com\/), tant textos, imatges, disseny gr\u00e0fic, estructura, codi font, logotips, marques, etc., s\u00f3n titularitat exclusiva de Reset Control S.A. o, si escau, de les persones o empreses que figuren com autors o titulars dels drets i estan emparats per la normativa reguladora de la Propietat Intel\u00b7lectual i Industrial, quedant per tant prohibida la reproducci\u00f3, modificaci\u00f3, distribuci\u00f3 o manipulaci\u00f3 total o parcial d\u2019els mateixos, llevat que es compti amb la pr\u00e8via i expressa autoritzaci\u00f3 amb perm\u00eds per escrit dels propietaris del lloc web  https:\/\/resetcontrol.com\/ o resulti autoritzat per la Llei.<\/p>\n\n\n\n<h2 class=\"wp-block-heading\">Marques:<\/h2>\n\n\n\n<p>En aquesta p\u00e0gina s\u2019esmenten de forma indirecta i a nivell informatiu alguns termes i logotips, que constitueixen marques registrades pels seus respectius propietaris, no fent-nos responsables de la utilitzaci\u00f3 inadequada que poguessin fer terceres persones respecte a aquestes marques.<\/p>\n\n\n\n<h2 class=\"wp-block-heading\">Enlla\u00e7os:<\/h2>\n\n\n\n<p>El propietari del lloc web no es fa responsable d\u2019aquelles altres dades, llocs web o arxius als quals sigui possible accedir a trav\u00e9s d\u2019enlla\u00e7os (links) disponibles entre els seus continguts, at\u00e8s que aquestes p\u00e0gines o arxius objecte d\u2019enlla\u00e7 s\u00f3n responsabilitat dels seus respectius titulars. Aquesta p\u00e0gina, per tant, ni aprova, ni fa seus els productes, serveis, continguts, informaci\u00f3, dades, arxius i qualsevol classe de material existent en tals p\u00e0gines web o arxius i no controla ni, de conformitat amb el que disposa la LSSICE, es fa responsable de la qualitat, licitud, fiabilitat i utilitat de la informaci\u00f3, continguts, dades i serveis existents en els llocs enlla\u00e7ats i que s\u00f3n aliens a aquesta p\u00e0gina. En el cas que un \u00f2rgan competent declari la il\u00b7licitud de les dades, ordenat la seva retirada o que impossibiliti el acc\u00e9s als mateixos, o s\u2019hagu\u00e9s declarat l\u2019exist\u00e8ncia de la lesi\u00f3, i se\u2019ns hagi notificat expressament la corresponent resoluci\u00f3, els enlla\u00e7os que s\u2019indiquin serien immediatament retirats.<\/p>\n\n\n\n<h2 class=\"wp-block-heading\">Cookies de sessi\u00f3:<\/h2>\n\n\n\n<p>L\u2019acc\u00e9s a aquest lloc pot implicar la utilitzaci\u00f3 de cookies de sessi\u00f3. Les galetes de sessi\u00f3 s\u00f3n petites quantitats d\u2019informaci\u00f3 que s\u2019emmagatzemen en el navegador utilitzat per cada usuari perqu\u00e8 el servidor recordi certa informaci\u00f3 que posteriorment pugui utilitzar. Aquesta informaci\u00f3 permet identificar a vost\u00e8 com un usuari concret de forma an\u00f2nima. Aquells usuaris que no desitgin rebre cookies o vulguin ser informats abans que s\u2019emmagatzemin al seu ordinador, poden configurar el seu navegador a aquest efecte sense que es vegi afectada la visualitzaci\u00f3 general d\u2019aquest lloc web.<\/p>\n\n\n\n<h2 class=\"wp-block-heading\">Pol\u00edtica de Privacitat<\/h2>\n\n\n\n<p>La pol\u00edtica de privacitat del lloc web https:\/\/resetcontrol.com\/, informa als usuaris d\u2019aquest lloc web dels seg\u00fcents extrems a fi que aquests puguin decidir lliure i volunt\u00e0riament si desitgen facilitar les dades personals que se\u2019ls pugui sol\u00b7licitar a trav\u00e9s de la utilitzaci\u00f3 dels diferents serveis que oferim, tenint en compte que aquestes dades personals seran estrictament imprescindibles per poder proporcionar-li el servei que ha seleccionat.<\/p>\n\n\n\n<h2 class=\"wp-block-heading\">LOPD:<\/h2>\n\n\n\n<p>Les dades que sol\u00b7licitem tindran el tractament i finalitat per al qual es recapten, tal com s\u2019especifica en l\u2019av\u00eds legal d\u2019acord a la Llei Org\u00e0nica de Protecci\u00f3 de Dades (LOPD) . Formaran part d\u2019un fitxer automatitzat, el qual s\u2019ha inscrit a l\u2019Ag\u00e8ncia Espanyola de Protecci\u00f3 de Dades.<\/p>\n\n\n\n<p>I l&#039;usuari podr\u00e0 en tot moment accedir, rectificar, cancel\u00b7lar totalment o parcialment les dades davant del Responsable de l&#039;Arxiu: Reset Control SA, Longitudinal 6 \u2013 Edifici Oficines \u2013 Baixos, Mercabarna, 08040 Barcelona Tel\u00e8fon. +34 93 262 66 70, email: control@resetcontrol.com, indicant com a assumpte o refer\u00e8ncia \u201cModificar dades als arxius del lloc web https:\/\/resetcontrol.com\/\u201d.<\/p>\n\n\n\n<h2 class=\"wp-block-heading\">Recollida d\u2019informaci\u00f3:<\/h2>\n\n\n\n<p>Es recollir\u00e0 per via electr\u00f2nica nom\u00e9s la informaci\u00f3 que ens sigui imprescindible a nivell t\u00e8cnic per a poder oferir-li un servei satisfactori. Quan es connecta, analitzem exclusivament el tipus de navegador i el joc de car\u00e0cters que est\u00e0 utilitzant i la seva versi\u00f3 amb l\u2019objectiu que la visualitzaci\u00f3 del lloc web https:\/\/resetcontrol.com\/ sigui correcta.<\/p>\n\n\n\n<p>L\u2019acc\u00e9s o utilitzaci\u00f3 d\u2019aquest lloc web per part de l\u2019usuari implica el seu consentiment i acceptaci\u00f3 de totes les condicions exposades.<\/p>\n\n\n\n<h2 class=\"wp-block-heading\">Protecci\u00f3 de Dades Personals<\/h2>\n\n\n\n<p>En compliment dels articles 5 i 6 de la Llei 15\/1999, pels quals es regula el dret d\u2019informaci\u00f3 en la recollida de les dades i el consentiment de l\u2019afectat, s\u2019adverteix els punts seg\u00fcents:<\/p>\n\n\n\n<h3 class=\"wp-block-heading\">Per la introducci\u00f3 de les dades de car\u00e0cter personal en aquest lloc web:<\/h3>\n\n\n\n<p>Est\u00e0 consentint el seu tractament.<\/p>\n\n\n\n<p>S\u2019han d\u2019incloure en un fitxer propietat de Reset Control S.A. Aquestes dades podran ser utilitzades per enviar informaci\u00f3 dels nostres serveis.<\/p>\n\n\n\n<p>Les dades obtingudes s\u00f3n les pertinents per a la finalitat per a la qual s\u2019ha demanat.<\/p>\n\n\n\n<p>Vost\u00e8 podr\u00e0 en tot moment exercitar els seus drets d&#039;acc\u00e9s, rectificaci\u00f3, cancel\u00b7laci\u00f3 i oposici\u00f3 de les seves dades de car\u00e0cter personal davant de: Reset Control SA Longitudinal 6 \u2013 Edifici Oficines \u2013 Baixos, Mercabarna, 08040 Barcelona<\/p>\n\n\n\n<p>Tel\u00e8fon. +34 93 262 66 70, email: control@resetcontrol.com, indicant com a assumpte o refer\u00e8ncia \u201cModificar dades en els fitxers del lloc web https:\/\/resetcontrol.com\/\u201d.<\/p>\n\n\n\n<h2 class=\"wp-block-heading\">Limitaci\u00f3 de Responsabilitats<\/h2>\n\n\n\n<h3 class=\"wp-block-heading\">De la Informaci\u00f3<\/h3>\n\n\n\n<p>Reset Control S.A. no es fa responsable de la veracitat, exactitud, adequaci\u00f3, idone\u00eftat, i actualitzaci\u00f3 de la informaci\u00f3 subministrada a trav\u00e9s de https:\/\/resetcontrol.com\/. Els continguts d\u2019aquesta p\u00e0gina s\u00f3n de car\u00e0cter informatiu, per la qual cosa Reset Control S.A. no es responsabilitza de les decisions preses per l\u2019usuari a partir de les mateixes, ni dels danys i perjudicis produ\u00efts en l\u2019usuari o en tercers amb base a la informaci\u00f3 obtinguda en aquest lloc web.<\/p>\n\n\n\n<h3 class=\"wp-block-heading\">De la qualitat del servei<\/h3>\n\n\n\n<p>L\u2019usuari admet con\u00e8ixer i ser conscient de l\u2019exist\u00e8ncia en la Xarxa de virus, cucs i altres elements maliciosos. Correspon a l\u2019usuari la disponibilitat d\u2019eines adequades per a la detecci\u00f3 i desinfecci\u00f3 d\u2019aquests programes inform\u00e0tics nocius, sense Reset Control S.A. sigui responsable dels danys produ\u00efts en els equips inform\u00e0tics de l\u2019usuari o de tercers durant el seu acc\u00e9s al lloc web.<\/p>\n\n\n\n<h3 class=\"wp-block-heading\">De la disponibilitat del Servei<\/h3>\n\n\n\n<p class=\" translation-block\">L\u2019acc\u00e9s al lloc web requereix de serveis i subministraments per part d\u2019altres prestadors de serveis de la societat de la informaci\u00f3, la fiabilitat, qualitat, continu\u00eftat i funcionament escapa al control Reset Control S.A. Per tant, els serveis prove\u00efts a trav\u00e9s del lloc web poden ser suspesos, cancel\u00b7lats o resultar inaccessibles en qualsevol moment.<\/p>\n\n\n\n<p>Reset Control S.A. no es responsabilitza dels danys o perjudicis de qualsevol tipus produ\u00efts en l\u2019Usuari que portin causa d\u2019errors o desconnexions a les xarxes de telecomunicacions que produeixin la suspensi\u00f3, cancel\u00b7laci\u00f3 o interrupci\u00f3 del servei del lloc web durant la prestaci\u00f3 del mateix o amb car\u00e0cter previ.<\/p>\n\n\n\n<h3 class=\"wp-block-heading\">Dels continguts accedits en o a trav\u00e9s del lloc web<\/h3>\n\n\n\n<p>El present lloc web permet l\u2019acc\u00e9s a enlla\u00e7os i altres p\u00e0gines web (en endavant, \u201cLlocs enlla\u00e7ats\u201d). En aquests casos, https:\/\/resetcontrol.com\/ actua com a prestador de serveis d\u2019intermediaci\u00f3 de conformitat amb el que disposa la LSSI, de manera que nom\u00e9s ser\u00e0 responsable dels continguts i serveis subministrats als llocs enlla\u00e7ats en la mesura que tingui coneixement efectiu de la il\u00b7licitud i no hagi actuat amb la dilig\u00e8ncia deguda per retirar aquests continguts. Si considera que un dels llocs enlla\u00e7ats inclou continguts il\u00b7l\u00edcits o inadequats podr\u00e0 comunicar a  Reset Control S.A. qui actuar\u00e0 amb tota dilig\u00e8ncia per retirar els enlla\u00e7os que sigui convenient.<\/p>\n\n\n\n<p>Reset Control S.A. tampoc es fa responsable dels continguts i serveis oferts en els llocs enlla\u00e7ats, pel que no respon dels danys produ\u00efts per la seva il\u00b7licitud, qualitat, desactualitzaci\u00f3, indisponibilitat, error o inutilitat.<\/p>\n\n\n\n<h2 class=\"wp-block-heading\">Reserva de Drets<\/h2>\n\n\n\n<p>L\u2019usuari es compromet a no retirar, suprimir, alterar, manipular ni de cap manera modificar:<\/p>\n\n\n\n<p>Aquelles notes, llegendes, indicacions o s\u00edmbols que b\u00e9 Reset Control S.A. o b\u00e9 els leg\u00edtims titulars dels drets incorporin a les seves propietats en mat\u00e8ria de propietat intel\u00b7lectual o industrial (com per exemple, copyright, \u00a9, \u00ae i TM, etc.).<\/p>\n\n\n\n<p>Els dispositius t\u00e8cnics de protecci\u00f3 o identificaci\u00f3 que puguin contenir els continguts (com per exemple, marques d\u2019aigua, empremtes digitals, etc.).<\/p>\n\n\n\n<p>L\u2019acc\u00e9s, visualitzaci\u00f3 i, si escau, desc\u00e0rrega dels continguts i \/ o serveis es realitzar\u00e0 sempre i en tot cas amb fins estrictament personals i no comercials.<\/p>\n\n\n\n<p>Reset Control S.A. es reserva tots els drets relacionats amb la propietat intel\u00b7lectual i industrial sobre els elements del seu lloc web, i no concedeix cap altra llic\u00e8ncia o autoritzaci\u00f3 d\u2019\u00fas a l\u2019usuari sobre la seva propietat diferent de la que expressament es detalla en la present cl\u00e0usula. Aquests drets no s\u2019apliquen a les imatges cedides per tercers per a la seva visualitzaci\u00f3 a la web i els drets de propietat intel\u00b7lectual corresponen als seus leg\u00edtims propietaris.<\/p>","protected":false},"excerpt":{"rendered":"<p>Aquest Av\u00eds Legal regula l&#039;acc\u00e9s per part de l&#039;usuari del lloc web (d&#039;ara endavant, l&#039;&#039;Usuari&#039;) als continguts proporcionats per XXXXXXX, en endavant com Reset Control SA. La simple utilitzaci\u00f3 de la informaci\u00f3 continguda en aquesta p\u00e0gina web implica la total acceptaci\u00f3 de l&#039;Av\u00eds Legal, per la qual cosa us recomanem que [\u2026]<\/p>","protected":false},"author":1,"featured_media":0,"parent":0,"menu_order":0,"comment_status":"closed","ping_status":"open","template":"","meta":{"_et_pb_use_builder":"off","_et_pb_old_content":"","_et_gb_content_width":"1080","footnotes":""},"class_list":["post-112","page","type-page","status-publish","hentry"],"yoast_head":"<!-- This site is optimized with the Yoast SEO plugin v23.9 - https:\/\/yoast.com\/wordpress\/plugins\/seo\/ -->\n<title>Aviso legal - Reset Control<\/title>\n<meta name=\"robots\" content=\"noindex, follow\" \/>\n<meta property=\"og:locale\" content=\"ca_ES\" \/>\n<meta property=\"og:type\" content=\"article\" \/>\n<meta property=\"og:title\" content=\"Aviso legal - Reset Control\" \/>\n<meta property=\"og:description\" content=\"El presente Aviso Legal regula el acceso por parte del usuario del sitio web (en adelante, el \u2018Usuario\u2019) a los contenidos proporcionados por XXXXXXX, en lo sucesivo como Reset Control S.A.. La simple utilizaci\u00f3n de la informaci\u00f3n contenida en esta p\u00e1gina web implica la total aceptaci\u00f3n del Aviso Legal, por lo que le recomendamos que [&hellip;]\" \/>\n<meta property=\"og:url\" content=\"https:\/\/resetcontrol.com\/cat\/avis-legal\/\" \/>\n<meta property=\"og:site_name\" content=\"Reset Control\" \/>\n<meta property=\"article:publisher\" content=\"https:\/\/www.facebook.com\/profile.php?id=61552808401220\" \/>\n<meta property=\"article:modified_time\" content=\"2023-10-27T07:29:56+00:00\" \/>\n<meta name=\"twitter:card\" content=\"summary_large_image\" \/>\n<meta name=\"twitter:site\" content=\"@ResetControl\" \/>\n<meta name=\"twitter:label1\" content=\"Temps estimat de lectura\" \/>\n\t<meta name=\"twitter:data1\" content=\"8 minuts\" \/>\n<script type=\"application\/ld+json\" class=\"yoast-schema-graph\">{\"@context\":\"https:\/\/schema.org\",\"@graph\":[{\"@type\":\"WebPage\",\"@id\":\"https:\/\/resetcontrol.com\/aviso-legal\/\",\"url\":\"https:\/\/resetcontrol.com\/aviso-legal\/\",\"name\":\"Aviso legal - Reset Control\",\"isPartOf\":{\"@id\":\"https:\/\/resetcontrol.com\/#website\"},\"datePublished\":\"2022-10-21T07:53:04+00:00\",\"dateModified\":\"2023-10-27T07:29:56+00:00\",\"breadcrumb\":{\"@id\":\"https:\/\/resetcontrol.com\/aviso-legal\/#breadcrumb\"},\"inLanguage\":\"ca\",\"potentialAction\":[{\"@type\":\"ReadAction\",\"target\":[\"https:\/\/resetcontrol.com\/aviso-legal\/\"]}]},{\"@type\":\"BreadcrumbList\",\"@id\":\"https:\/\/resetcontrol.com\/aviso-legal\/#breadcrumb\",\"itemListElement\":[{\"@type\":\"ListItem\",\"position\":1,\"name\":\"Inici\",\"item\":\"https:\/\/resetcontrol.com\/\"},{\"@type\":\"ListItem\",\"position\":2,\"name\":\"Aviso legal\"}]},{\"@type\":\"WebSite\",\"@id\":\"https:\/\/resetcontrol.com\/#website\",\"url\":\"https:\/\/resetcontrol.com\/\",\"name\":\"Reset Control\",\"description\":\"35 a\u00f1os trabajando en programas inform\u00e1ticos de gesti\u00f3n\",\"publisher\":{\"@id\":\"https:\/\/resetcontrol.com\/#organization\"},\"inLanguage\":\"ca\"},{\"@type\":\"Organization\",\"@id\":\"https:\/\/resetcontrol.com\/#organization\",\"name\":\"Reset Control\",\"url\":\"https:\/\/resetcontrol.com\/\",\"logo\":{\"@type\":\"ImageObject\",\"inLanguage\":\"ca\",\"@id\":\"https:\/\/resetcontrol.com\/#\/schema\/logo\/image\/\",\"url\":\"https:\/\/resetcontrol.com\/wp-content\/uploads\/2024\/05\/LOGO-NUEVO2.png\",\"contentUrl\":\"https:\/\/resetcontrol.com\/wp-content\/uploads\/2024\/05\/LOGO-NUEVO2.png\",\"width\":1838,\"height\":1838,\"caption\":\"Reset Control\"},\"image\":{\"@id\":\"https:\/\/resetcontrol.com\/#\/schema\/logo\/image\/\"},\"sameAs\":[\"https:\/\/www.facebook.com\/profile.php?id=61552808401220\",\"https:\/\/x.com\/ResetControl\",\"https:\/\/www.instagram.com\/resetcontrol_sa\",\"https:\/\/es.linkedin.com\/in\/reset-control-s-a-control-9a5bbba8\"]}]}<\/script>\n<!-- \/ Yoast SEO plugin. -->","yoast_head_json":{"title":"Aviso legal - Reset Control","robots":{"index":"noindex","follow":"follow"},"og_locale":"ca_ES","og_type":"article","og_title":"Aviso legal - Reset Control","og_description":"El presente Aviso Legal regula el acceso por parte del usuario del sitio web (en adelante, el \u2018Usuario\u2019) a los contenidos proporcionados por XXXXXXX, en lo sucesivo como Reset Control S.A.. La simple utilizaci\u00f3n de la informaci\u00f3n contenida en esta p\u00e1gina web implica la total aceptaci\u00f3n del Aviso Legal, por lo que le recomendamos que [&hellip;]","og_url":"https:\/\/resetcontrol.com\/cat\/avis-legal\/","og_site_name":"Reset Control","article_publisher":"https:\/\/www.facebook.com\/profile.php?id=61552808401220","article_modified_time":"2023-10-27T07:29:56+00:00","twitter_card":"summary_large_image","twitter_site":"@ResetControl","twitter_misc":{"Temps estimat de lectura":"8 minuts"},"schema":{"@context":"https:\/\/schema.org","@graph":[{"@type":"WebPage","@id":"https:\/\/resetcontrol.com\/aviso-legal\/","url":"https:\/\/resetcontrol.com\/aviso-legal\/","name":"Aviso legal - Reset Control","isPartOf":{"@id":"https:\/\/resetcontrol.com\/#website"},"datePublished":"2022-10-21T07:53:04+00:00","dateModified":"2023-10-27T07:29:56+00:00","breadcrumb":{"@id":"https:\/\/resetcontrol.com\/aviso-legal\/#breadcrumb"},"inLanguage":"ca","potentialAction":[{"@type":"ReadAction","target":["https:\/\/resetcontrol.com\/aviso-legal\/"]}]},{"@type":"BreadcrumbList","@id":"https:\/\/resetcontrol.com\/aviso-legal\/#breadcrumb","itemListElement":[{"@type":"ListItem","position":1,"name":"Inici","item":"https:\/\/resetcontrol.com\/"},{"@type":"ListItem","position":2,"name":"Aviso legal"}]},{"@type":"WebSite","@id":"https:\/\/resetcontrol.com\/#website","url":"https:\/\/resetcontrol.com\/","name":"Reset Control","description":"35 a\u00f1os trabajando en programas inform\u00e1ticos de gesti\u00f3n","publisher":{"@id":"https:\/\/resetcontrol.com\/#organization"},"inLanguage":"ca"},{"@type":"Organization","@id":"https:\/\/resetcontrol.com\/#organization","name":"Reset Control","url":"https:\/\/resetcontrol.com\/","logo":{"@type":"ImageObject","inLanguage":"ca","@id":"https:\/\/resetcontrol.com\/#\/schema\/logo\/image\/","url":"https:\/\/resetcontrol.com\/wp-content\/uploads\/2024\/05\/LOGO-NUEVO2.png","contentUrl":"https:\/\/resetcontrol.com\/wp-content\/uploads\/2024\/05\/LOGO-NUEVO2.png","width":1838,"height":1838,"caption":"Reset Control"},"image":{"@id":"https:\/\/resetcontrol.com\/#\/schema\/logo\/image\/"},"sameAs":["https:\/\/www.facebook.com\/profile.php?id=61552808401220","https:\/\/x.com\/ResetControl","https:\/\/www.instagram.com\/resetcontrol_sa","https:\/\/es.linkedin.com\/in\/reset-control-s-a-control-9a5bbba8"]}]}},"_links":{"self":[{"href":"https:\/\/resetcontrol.com\/cat\/wp-json\/wp\/v2\/pages\/112","targetHints":{"allow":["GET"]}}],"collection":[{"href":"https:\/\/resetcontrol.com\/cat\/wp-json\/wp\/v2\/pages"}],"about":[{"href":"https:\/\/resetcontrol.com\/cat\/wp-json\/wp\/v2\/types\/page"}],"author":[{"embeddable":true,"href":"https:\/\/resetcontrol.com\/cat\/wp-json\/wp\/v2\/users\/1"}],"replies":[{"embeddable":true,"href":"https:\/\/resetcontrol.com\/cat\/wp-json\/wp\/v2\/comments?post=112"}],"version-history":[{"count":5,"href":"https:\/\/resetcontrol.com\/cat\/wp-json\/wp\/v2\/pages\/112\/revisions"}],"predecessor-version":[{"id":1228,"href":"https:\/\/resetcontrol.com\/cat\/wp-json\/wp\/v2\/pages\/112\/revisions\/1228"}],"wp:attachment":[{"href":"https:\/\/resetcontrol.com\/cat\/wp-json\/wp\/v2\/media?parent=112"}],"curies":[{"name":"wp","href":"https:\/\/api.w.org\/{rel}","templated":true}]}}